{"id":1150,"date":"2023-02-21T10:42:12","date_gmt":"2023-02-21T09:42:12","guid":{"rendered":"https:\/\/rucher-des-avant-monts.com\/?page_id=1150"},"modified":"2024-02-23T16:54:48","modified_gmt":"2024-02-23T15:54:48","slug":"sia-2023","status":"publish","type":"page","link":"https:\/\/rucher-des-avant-monts.com\/?page_id=1150","title":{"rendered":"SIA 2023"},"content":{"rendered":"\n<p>Bonjour<\/p>\n\n\n\n<p>Nous serons au salon de l\u2019agriculture 2023 su 25 F\u00e9vrier au 1 Mars. Donc les 5 premiers jours du Salon.<\/p>\n\n\n\n<p>2\u00b0ann\u00e9e de participation pour nous, et l\u2019occasion de vous y revoir.<\/p>\n\n\n\n<p>Nous mettons \u00e0 votre disposition la possibilit\u00e9 de commander par la<a href=\"https:\/\/rucher-des-avant-monts.com\/?post_type=product\"><mark style=\"background-color:#ffffff\" class=\"has-inline-color has-vivid-cyan-blue-color\"> <strong><mark>boutique en ligne<\/mark><\/strong><\/mark><\/a> avec une livraison drive sur notre stand.<\/p>\n\n\n\n<p>Pour ceux et celles qui nous ont achet\u00e9 le miel de Romarin l\u2019ann\u00e9e derni\u00e8re sachez qu\u2019il a obtenu la m\u00e9daille d\u2019or au concours des miel de France organis\u00e9 par l\u2019Union Nationale des apiculteurs. Veinards ! . Heureusement nous portons les derniers pots au salon.(r\u00e9colte tr\u00e8s l\u00e9g\u00e8re en 2022) .<\/p>\n\n\n<div class=\"wp-block-image is-style-rounded\">\n<figure class=\"aligncenter is-resized\"><img loading=\"lazy\" decoding=\"async\" src=\"https:\/\/rucher-des-avant-monts.com\/wp-content\/uploads\/2023\/02\/romarin-medaille-1024x576.jpg\" alt=\"\" class=\"wp-image-1155\" width=\"512\" height=\"288\" srcset=\"https:\/\/rucher-des-avant-monts.com\/wp-content\/uploads\/2023\/02\/romarin-medaille-1024x576.jpg 1024w, https:\/\/rucher-des-avant-monts.com\/wp-content\/uploads\/2023\/02\/romarin-medaille-300x169.jpg 300w, https:\/\/rucher-des-avant-monts.com\/wp-content\/uploads\/2023\/02\/romarin-medaille-768x432.jpg 768w, https:\/\/rucher-des-avant-monts.com\/wp-content\/uploads\/2023\/02\/romarin-medaille-1536x864.jpg 1536w, https:\/\/rucher-des-avant-monts.com\/wp-content\/uploads\/2023\/02\/romarin-medaille-scaled.jpg 2048w, https:\/\/rucher-des-avant-monts.com\/wp-content\/uploads\/2023\/02\/romarin-medaille-600x338.jpg 600w\" sizes=\"auto, (max-width: 512px) 100vw, 512px\" \/><\/figure>\n<\/div>\n\n\n<p>L\u2019exceptionnel miel de Bupl\u00e8vre arrive sur la fin lui aussi avec 0 r\u00e9colte cette ann\u00e9e. Comme le romarin ce sont des miels que nos abeilles produisent en quantit\u00e9 une fois tous les 5 ans voir plus.<\/p>\n\n\n\n<p>Le miel de thym 2022 est meilleur que l\u2019ann\u00e9e derni\u00e8re, c\u2019est vous dire si il en reste peu!<\/p>\n\n\n\n<p>Bref faites vous plaisir en revenant les d\u00e9guster. <\/p>\n\n\n\n<p><mark style=\"background-color:rgba(0, 0, 0, 0)\" class=\"has-inline-color has-vivid-cyan-blue-color\">Carte Google  <a href=\"https:\/\/goo.gl\/maps\/aH59qPdu1zeHMrAJ8\" data-type=\"URL\" data-id=\"https:\/\/goo.gl\/maps\/aH59qPdu1zeHMrAJ8\">3F072<\/a><\/mark> (la catalogue du SIA2023 donne le 3G128: boulette !)<\/p>\n\n\n\n<p>visuel stand \u00e0 venir<\/p>\n\n\n\n<p><\/p>\n","protected":false},"excerpt":{"rendered":"<p>Bonjour Nous serons au salon de l\u2019agriculture 2023 su 25 F\u00e9vrier au 1 Mars. Donc les 5 premiers jours du Salon. 2\u00b0ann\u00e9e de participation pour nous, et l\u2019occasion de vous y revoir. Nous mettons \u00e0 votre disposition la possibilit\u00e9 de commander par la boutique en ligne avec une livraison drive sur notre stand. Pour ceux [&hellip;]<\/p>\n","protected":false},"author":1,"featured_media":1147,"parent":858,"menu_order":1,"comment_status":"closed","ping_status":"closed","template":"","meta":{"footnotes":""},"class_list":["post-1150","page","type-page","status-publish","has-post-thumbnail","czr-hentry"],"_links":{"self":[{"href":"https:\/\/rucher-des-avant-monts.com\/index.php?rest_route=\/wp\/v2\/pages\/1150","targetHints":{"allow":["GET"]}}],"collection":[{"href":"https:\/\/rucher-des-avant-monts.com\/index.php?rest_route=\/wp\/v2\/pages"}],"about":[{"href":"https:\/\/rucher-des-avant-monts.com\/index.php?rest_route=\/wp\/v2\/types\/page"}],"author":[{"embeddable":true,"href":"https:\/\/rucher-des-avant-monts.com\/index.php?rest_route=\/wp\/v2\/users\/1"}],"replies":[{"embeddable":true,"href":"https:\/\/rucher-des-avant-monts.com\/index.php?rest_route=%2Fwp%2Fv2%2Fcomments&post=1150"}],"version-history":[{"count":8,"href":"https:\/\/rucher-des-avant-monts.com\/index.php?rest_route=\/wp\/v2\/pages\/1150\/revisions"}],"predecessor-version":[{"id":1189,"href":"https:\/\/rucher-des-avant-monts.com\/index.php?rest_route=\/wp\/v2\/pages\/1150\/revisions\/1189"}],"up":[{"embeddable":true,"href":"https:\/\/rucher-des-avant-monts.com\/index.php?rest_route=\/wp\/v2\/pages\/858"}],"wp:featuredmedia":[{"embeddable":true,"href":"https:\/\/rucher-des-avant-monts.com\/index.php?rest_route=\/wp\/v2\/media\/1147"}],"wp:attachment":[{"href":"https:\/\/rucher-des-avant-monts.com\/index.php?rest_route=%2Fwp%2Fv2%2Fmedia&parent=1150"}],"curies":[{"name":"wp","href":"https:\/\/api.w.org\/{rel}","templated":true}]}}