{"id":1246,"date":"2023-12-19T12:02:55","date_gmt":"2023-12-19T11:02:55","guid":{"rendered":"https:\/\/rucher-des-avant-monts.com\/?page_id=1246"},"modified":"2024-07-04T14:16:16","modified_gmt":"2024-07-04T12:16:16","slug":"viol-dapiculteurs-par-la-justice","status":"publish","type":"page","link":"https:\/\/rucher-des-avant-monts.com\/?page_id=1246","title":{"rendered":"Condamnation d&rsquo;un voleur de ruche."},"content":{"rendered":"\n<div data-wp-interactive=\"core\/file\" class=\"wp-block-file\"><object data-wp-bind--hidden=\"!state.hasPdfPreview\" hidden class=\"wp-block-file__embed\" data=\"https:\/\/rucher-des-avant-monts.com\/wp-content\/uploads\/2023\/12\/Quatre-apiculteurs-victimes-de-vols-dans-leurs-ruchers-sur-Rosis-et-Autignac-midilibre.fr_-1.pdf\" type=\"application\/pdf\" style=\"width:100%;height:600px\" aria-label=\"Contenu embarqu\u00e9 VOL DE RUCHES HERAULT.\"><\/object><a id=\"wp-block-file--media-eff6856b-6c46-4ea4-9659-808cf30e8c9b\" href=\"https:\/\/rucher-des-avant-monts.com\/wp-content\/uploads\/2023\/12\/Quatre-apiculteurs-victimes-de-vols-dans-leurs-ruchers-sur-Rosis-et-Autignac-midilibre.fr_-1.pdf\">VOL DE RUCHES HERAULT<\/a><a href=\"https:\/\/rucher-des-avant-monts.com\/wp-content\/uploads\/2023\/12\/Quatre-apiculteurs-victimes-de-vols-dans-leurs-ruchers-sur-Rosis-et-Autignac-midilibre.fr_-1.pdf\" class=\"wp-block-file__button wp-element-button\" download aria-describedby=\"wp-block-file--media-eff6856b-6c46-4ea4-9659-808cf30e8c9b\">T\u00e9l\u00e9charger<\/a><\/div>\n\n\n\n<p>A ce jour, nous sommes toujours dans l&rsquo;attente du dossier d&rsquo;instruction&#8230;<\/p>\n\n\n\n<p>29\/12\/2023 : Courrier re\u00e7u du parquet, r\u00e9ouverture de l\u2019enqu\u00eate&#8230;.<\/p>\n\n\n\n<p>02\/2024 : Info apicole H\u00e9rault: Un apiculteur pro se fait voler 12 ruches sur notre secteur.<\/p>\n\n\n\n<p>28\/3\/2024 :  Nous apprenons que MR Roulet Vincent sera d\u00e9f\u00e9r\u00e9 devant la justice pour \u00ab\u00a0Recel de bien provenant d&rsquo;un vol\u00a0\u00bb. Oubli\u00e9s le vol, la d\u00e9tention de colonies d&rsquo;abeilles non d\u00e9clar\u00e9e, revente de miel sans Siret, trafic d&rsquo;esp\u00e8ce prot\u00e9g\u00e9e. Juste recel de vol. <\/p>\n\n\n\n<p>JE suis une victime ayant reconnu mon mat\u00e9riel suite \u00e0 perquisition et je ne fais plus parti des plaignants ?? Il semblerait que je ne me sois pas assez manifest\u00e9 suite \u00e0 la d\u00e9claration sans suite par le tribunal &#8230; Pourtant :<\/p>\n\n\n\n<div data-wp-interactive=\"core\/file\" class=\"wp-block-file\"><object data-wp-bind--hidden=\"!state.hasPdfPreview\" hidden class=\"wp-block-file__embed\" data=\"https:\/\/rucher-des-avant-monts.com\/wp-content\/uploads\/2024\/04\/Avis-reprise-denquete.pdf\" type=\"application\/pdf\" style=\"width:100%;height:600px\" aria-label=\"Contenu embarqu\u00e9 Avis-reprise-denquete.\"><\/object><a id=\"wp-block-file--media-6362497e-2ee2-4a6d-b4d6-500c20c71199\" href=\"https:\/\/rucher-des-avant-monts.com\/wp-content\/uploads\/2024\/04\/Avis-reprise-denquete.pdf\">Avis-reprise-denquete<\/a><a href=\"https:\/\/rucher-des-avant-monts.com\/wp-content\/uploads\/2024\/04\/Avis-reprise-denquete.pdf\" class=\"wp-block-file__button wp-element-button\" download aria-describedby=\"wp-block-file--media-6362497e-2ee2-4a6d-b4d6-500c20c71199\">T\u00e9l\u00e9charge<\/a><\/div>\n\n\n\n<p>Poisson d&rsquo;avril 2024 ? Je suis dans l&rsquo;obligation d&rsquo;envoyer ce jour un courrier \u00e0 Madame la substitut pour lui signifier mon int\u00e9r\u00eat pour la suite des \u00e9v\u00e8nements et participer \u00e0 l&rsquo;audience. <\/p>\n\n\n\n<p>3 juillet 2024, r\u00e9compense de notre t\u00e9nacit\u00e9. <\/p>\n\n\n\n<p><a href=\"https:\/\/france3-regions.francetvinfo.fr\/occitanie\/herault\/beziers\/un-apiculteur-amateur-condamne-a-six-mois-de-prison-pour-recel-de-ruches-volees-2998790.html\">https:\/\/france3-regions.francetvinfo.fr\/occitanie\/herault\/beziers\/un-apiculteur-amateur-condamne-a-six-mois-de-prison-pour-recel-de-ruches-volees-2998790.html<\/a><\/p>\n","protected":false},"excerpt":{"rendered":"<p>A ce jour, nous sommes toujours dans l&rsquo;attente du dossier d&rsquo;instruction&#8230; 29\/12\/2023 : Courrier re\u00e7u du parquet, r\u00e9ouverture de l\u2019enqu\u00eate&#8230;. 02\/2024 : Info apicole H\u00e9rault: Un apiculteur pro se fait voler 12 ruches sur notre secteur. 28\/3\/2024 : Nous apprenons que MR Roulet Vincent sera d\u00e9f\u00e9r\u00e9 devant la justice pour \u00ab\u00a0Recel de bien provenant d&rsquo;un [&hellip;]<\/p>\n","protected":false},"author":1,"featured_media":1242,"parent":858,"menu_order":0,"comment_status":"open","ping_status":"open","template":"","meta":{"footnotes":""},"class_list":["post-1246","page","type-page","status-publish","has-post-thumbnail","czr-hentry"],"_links":{"self":[{"href":"https:\/\/rucher-des-avant-monts.com\/index.php?rest_route=\/wp\/v2\/pages\/1246","targetHints":{"allow":["GET"]}}],"collection":[{"href":"https:\/\/rucher-des-avant-monts.com\/index.php?rest_route=\/wp\/v2\/pages"}],"about":[{"href":"https:\/\/rucher-des-avant-monts.com\/index.php?rest_route=\/wp\/v2\/types\/page"}],"author":[{"embeddable":true,"href":"https:\/\/rucher-des-avant-monts.com\/index.php?rest_route=\/wp\/v2\/users\/1"}],"replies":[{"embeddable":true,"href":"https:\/\/rucher-des-avant-monts.com\/index.php?rest_route=%2Fwp%2Fv2%2Fcomments&post=1246"}],"version-history":[{"count":5,"href":"https:\/\/rucher-des-avant-monts.com\/index.php?rest_route=\/wp\/v2\/pages\/1246\/revisions"}],"predecessor-version":[{"id":1339,"href":"https:\/\/rucher-des-avant-monts.com\/index.php?rest_route=\/wp\/v2\/pages\/1246\/revisions\/1339"}],"up":[{"embeddable":true,"href":"https:\/\/rucher-des-avant-monts.com\/index.php?rest_route=\/wp\/v2\/pages\/858"}],"wp:featuredmedia":[{"embeddable":true,"href":"https:\/\/rucher-des-avant-monts.com\/index.php?rest_route=\/wp\/v2\/media\/1242"}],"wp:attachment":[{"href":"https:\/\/rucher-des-avant-monts.com\/index.php?rest_route=%2Fwp%2Fv2%2Fmedia&parent=1246"}],"curies":[{"name":"wp","href":"https:\/\/api.w.org\/{rel}","templated":true}]}}