{"id":1259,"date":"2024-02-24T15:11:02","date_gmt":"2024-02-24T14:11:02","guid":{"rendered":"https:\/\/rucher-des-avant-monts.com\/?page_id=1259"},"modified":"2024-02-24T15:11:04","modified_gmt":"2024-02-24T14:11:04","slug":"salon-international-de-lagriculture-2024","status":"publish","type":"page","link":"https:\/\/rucher-des-avant-monts.com\/?page_id=1259","title":{"rendered":"Salon International de l&rsquo;Agriculture 2024"},"content":{"rendered":"\n<p>Nous serons au parc d&rsquo;exposition de Versailles du 28 F\u00e9vrier au 3 Mars. Donc les 5 derniers jours du Salon.<\/p>\n\n\n\n<p>3\u00b0 ann\u00e9e de participation pour nous, et l\u2019occasion de vous y revoir.<\/p>\n\n\n\n<figure class=\"wp-block-image size-large\"><img loading=\"lazy\" decoding=\"async\" width=\"1024\" height=\"682\" src=\"https:\/\/rucher-des-avant-monts.com\/wp-content\/uploads\/2024\/02\/gene-sia-2023-1024x682.jpg\" alt=\"\" class=\"wp-image-1297\" srcset=\"https:\/\/rucher-des-avant-monts.com\/wp-content\/uploads\/2024\/02\/gene-sia-2023-1024x682.jpg 1024w, https:\/\/rucher-des-avant-monts.com\/wp-content\/uploads\/2024\/02\/gene-sia-2023-300x200.jpg 300w, https:\/\/rucher-des-avant-monts.com\/wp-content\/uploads\/2024\/02\/gene-sia-2023-768x511.jpg 768w, https:\/\/rucher-des-avant-monts.com\/wp-content\/uploads\/2024\/02\/gene-sia-2023-1536x1022.jpg 1536w, https:\/\/rucher-des-avant-monts.com\/wp-content\/uploads\/2024\/02\/gene-sia-2023-600x399.jpg 600w, https:\/\/rucher-des-avant-monts.com\/wp-content\/uploads\/2024\/02\/gene-sia-2023.jpg 1600w\" sizes=\"auto, (max-width: 1024px) 100vw, 1024px\" \/><figcaption class=\"wp-element-caption\">SIA 2023<\/figcaption><\/figure>\n\n\n\n<p>Nous serons cette ann\u00e9e dans le hall 7, produits et saveurs de France, stand du d\u00e9partement de l&rsquo;H\u00e9rault F088<\/p>\n\n\n\n<p><\/p>\n","protected":false},"excerpt":{"rendered":"<p>Nous serons au parc d&rsquo;exposition de Versailles du 28 F\u00e9vrier au 3 Mars. Donc les 5 derniers jours du Salon. 3\u00b0 ann\u00e9e de participation pour nous, et l\u2019occasion de vous y revoir. Nous serons cette ann\u00e9e dans le hall 7, produits et saveurs de France, stand du d\u00e9partement de l&rsquo;H\u00e9rault F088<\/p>\n","protected":false},"author":1,"featured_media":1149,"parent":2,"menu_order":1,"comment_status":"closed","ping_status":"closed","template":"","meta":{"footnotes":""},"class_list":["post-1259","page","type-page","status-publish","has-post-thumbnail","czr-hentry"],"_links":{"self":[{"href":"https:\/\/rucher-des-avant-monts.com\/index.php?rest_route=\/wp\/v2\/pages\/1259","targetHints":{"allow":["GET"]}}],"collection":[{"href":"https:\/\/rucher-des-avant-monts.com\/index.php?rest_route=\/wp\/v2\/pages"}],"about":[{"href":"https:\/\/rucher-des-avant-monts.com\/index.php?rest_route=\/wp\/v2\/types\/page"}],"author":[{"embeddable":true,"href":"https:\/\/rucher-des-avant-monts.com\/index.php?rest_route=\/wp\/v2\/users\/1"}],"replies":[{"embeddable":true,"href":"https:\/\/rucher-des-avant-monts.com\/index.php?rest_route=%2Fwp%2Fv2%2Fcomments&post=1259"}],"version-history":[{"count":2,"href":"https:\/\/rucher-des-avant-monts.com\/index.php?rest_route=\/wp\/v2\/pages\/1259\/revisions"}],"predecessor-version":[{"id":1298,"href":"https:\/\/rucher-des-avant-monts.com\/index.php?rest_route=\/wp\/v2\/pages\/1259\/revisions\/1298"}],"up":[{"embeddable":true,"href":"https:\/\/rucher-des-avant-monts.com\/index.php?rest_route=\/wp\/v2\/pages\/2"}],"wp:featuredmedia":[{"embeddable":true,"href":"https:\/\/rucher-des-avant-monts.com\/index.php?rest_route=\/wp\/v2\/media\/1149"}],"wp:attachment":[{"href":"https:\/\/rucher-des-avant-monts.com\/index.php?rest_route=%2Fwp%2Fv2%2Fmedia&parent=1259"}],"curies":[{"name":"wp","href":"https:\/\/api.w.org\/{rel}","templated":true}]}}