{"id":1261,"date":"2024-02-23T21:55:14","date_gmt":"2024-02-23T20:55:14","guid":{"rendered":"https:\/\/rucher-des-avant-monts.com\/?page_id=1261"},"modified":"2024-04-01T10:52:47","modified_gmt":"2024-04-01T08:52:47","slug":"protections-solaires-des-ruches","status":"publish","type":"page","link":"https:\/\/rucher-des-avant-monts.com\/?page_id=1261","title":{"rendered":"Protections solaires des ruches"},"content":{"rendered":"\n<p>Les canicules annuelles sont de plus en plus longues dans le sud de la France. Certains d&rsquo;entre nous se sont retrouv\u00e9s avec des cadres de hausses fondus en pleine r\u00e9colte.<\/p>\n\n\n\n<p>Nous avons essay\u00e9 de trouver un accessoire pour prot\u00e9ger nos colonies. Cela devait r\u00e9pondre aux diff\u00e9rentes optimisations qu&rsquo;un apiculteur professionnel doit mettre en place pour assurer une production de miel. Autrement dit, am\u00e9liorer le confort de nos abeilles sans chambouler toute l&rsquo;exploitation. Ne pas alourdir les ruches pour les transhumances, ne pas avoir \u00e0 stocker ce mat\u00e9riel une partie de l&rsquo;ann\u00e9e dans les locaux de l&rsquo;apiculteur, permettre \u00e0 la colonie de profiter des rayons de soleil du printemps et se d\u00e9velopper plus rapidement.<\/p>\n\n\n\n<p>Le mat\u00e9riau utilis\u00e9 est du polypropyl\u00e8ne alv\u00e9ol\u00e9 blanc r\u00e9sistant aux UV. Il est durable, entre 5 et 10 ans, et recyclable \u00e0 100 %.<\/p>\n\n\n\n<p>En \u00e9t\u00e9, il couvre le toit, on peut y \u00e9crire au Posca, (nettoyable avec tous les produits habituels, ac\u00e9tone, chlore &#8230;) et baisse significativement la temp\u00e9rature transmise \u00e0 la colonie. (Comme les toits peints en blanc).<\/p>\n\n\n\n<p>En Hiver, il se plie et se loge dans le toit. Il peut participer \u00e0 l&rsquo;isolation de la ruche (espace d&rsquo;air suppl\u00e9mentaire), \u00eatre emporter \u00e0 la maison et ainsi remplir son cahier d&rsquo;\u00e9levage par ruche des op\u00e9rations r\u00e9alis\u00e9es dans l&rsquo;ann\u00e9e&#8230; chacun y trouvera son utilisation suivant ses habitudes. Mais surtout, le toit redevient un r\u00e9cepteur d&rsquo;infrarouge pour que nos colonies se d\u00e9veloppent plus t\u00f4t et ainsi mieux travailler le romarin ou la bruy\u00e8re blanche.<\/p>\n\n\n\n<p>L\u00e9ger et pr\u00e9-pli\u00e9 aux dimensions standards du toit m\u00e9tallique <strong>Dadant 10c<\/strong> (corps 430x500mm) dans la version de base hauteur 105 mm. La protection est facilement d\u00e9coupable au cutter pour s\u2019adapter aux ruchettes.<\/p>\n\n\n\n<p>Un grand merci \u00e0 Alt R&amp;D (https:\/\/www.alt-rd.com\/) pour leurs recherches scientifiques et partages des caract\u00e9ristiques thermiques des ruches.<\/p>\n\n\n\n<p>Je vous invite \u00e0 visiter leur site internet et pour ceux qui pr\u00e9f\u00e8rent la pr\u00e9sentation organis\u00e9 par l\u2019ADA Occitanie :<\/p>\n\n\n\n<p><a href=\"https:\/\/www.youtube.com\/watch?v=-mK2EYba920\" target=\"_blank\" rel=\"noreferrer noopener\">Caract\u00e9ristique thermique des ruches \u2013 Alt-RD<\/a><\/p>\n\n\n\n<p>Le prototype pr\u00e9sent\u00e9 est translucide mais la version finale est blanche bien sur.<\/p>\n\n\n\n<p><\/p>\n\n\n\n<div class=\"wp-block-buttons is-layout-flex wp-block-buttons-is-layout-flex\">\n<div class=\"wp-block-button\"><a class=\"wp-block-button__link wp-element-button\" href=\"https:\/\/rucher-des-avant-monts.com\/?product=protections-solaires\">Commander<\/a><\/div>\n<\/div>\n","protected":false},"excerpt":{"rendered":"<p>Les canicules annuelles sont de plus en plus longues dans le sud de la France. Certains d&rsquo;entre nous se sont retrouv\u00e9s avec des cadres de hausses fondus en pleine r\u00e9colte. Nous avons essay\u00e9 de trouver un accessoire pour prot\u00e9ger nos colonies. Cela devait r\u00e9pondre aux diff\u00e9rentes optimisations qu&rsquo;un apiculteur professionnel doit mettre en place pour [&hellip;]<\/p>\n","protected":false},"author":1,"featured_media":0,"parent":858,"menu_order":1,"comment_status":"closed","ping_status":"closed","template":"","meta":{"footnotes":""},"class_list":["post-1261","page","type-page","status-publish","czr-hentry"],"_links":{"self":[{"href":"https:\/\/rucher-des-avant-monts.com\/index.php?rest_route=\/wp\/v2\/pages\/1261","targetHints":{"allow":["GET"]}}],"collection":[{"href":"https:\/\/rucher-des-avant-monts.com\/index.php?rest_route=\/wp\/v2\/pages"}],"about":[{"href":"https:\/\/rucher-des-avant-monts.com\/index.php?rest_route=\/wp\/v2\/types\/page"}],"author":[{"embeddable":true,"href":"https:\/\/rucher-des-avant-monts.com\/index.php?rest_route=\/wp\/v2\/users\/1"}],"replies":[{"embeddable":true,"href":"https:\/\/rucher-des-avant-monts.com\/index.php?rest_route=%2Fwp%2Fv2%2Fcomments&post=1261"}],"version-history":[{"count":13,"href":"https:\/\/rucher-des-avant-monts.com\/index.php?rest_route=\/wp\/v2\/pages\/1261\/revisions"}],"predecessor-version":[{"id":1332,"href":"https:\/\/rucher-des-avant-monts.com\/index.php?rest_route=\/wp\/v2\/pages\/1261\/revisions\/1332"}],"up":[{"embeddable":true,"href":"https:\/\/rucher-des-avant-monts.com\/index.php?rest_route=\/wp\/v2\/pages\/858"}],"wp:attachment":[{"href":"https:\/\/rucher-des-avant-monts.com\/index.php?rest_route=%2Fwp%2Fv2%2Fmedia&parent=1261"}],"curies":[{"name":"wp","href":"https:\/\/api.w.org\/{rel}","templated":true}]}}