{"id":16,"date":"2016-11-23T17:17:53","date_gmt":"2016-11-23T16:17:53","guid":{"rendered":"http:\/\/rucher-des-avant-monts.com\/?page_id=16"},"modified":"2024-03-17T10:05:23","modified_gmt":"2024-03-17T09:05:23","slug":"essaimage","status":"publish","type":"page","link":"https:\/\/rucher-des-avant-monts.com\/?page_id=16","title":{"rendered":"Essaimage"},"content":{"rendered":"<h4><span style=\"color: #ff0000;\">La r\u00e9volution dans la ruche !!<\/span><\/h4>\n<p>L&rsquo;essaimage \u00e0 pour origine essentiellement le niveau de ph\u00e9romone de la reine dans la ruche.<\/p>\n<p>Deux logiques de d\u00e9clenchement de l&rsquo;essaimage ont \u00e9t\u00e9 mises a jour.<\/p>\n<p><span style=\"text-decoration: underline;\">La premi\u00e8re est biologique.<\/span><\/p>\n<p>La dur\u00e9e de vie d&rsquo;une reine est d&rsquo;au maximum 5 ans mais elle va connaitre une baisse de f\u00e9condit\u00e9 avant cela et donc une baisse de ph\u00e9romone. Elle permettra l&rsquo;\u00e9levage d&rsquo;une nouvelle reine en quittant la ruche avec une partie des abeilles.<\/p>\n<p><span style=\"text-decoration: underline;\">La deuxi\u00e8me est physiologique <\/span><\/p>\n<p>Le manque de place en saison de miell\u00e9e provoque un arr\u00eat de ponte de la reine ou simplement trop d&rsquo;abeilles dans la ruche font que les ph\u00e9romones de la reines ne sont pas suffisamment diffus\u00e9es. La division naturelle s\u2019organise alors.<\/p>\n<p><span style=\"color: #0000ff;\">Nous parlons ici d\u2019un essaimage primaire.<\/span><\/p>\n<p>Les abeilles se gorgent de miel pour avoir suffisamment de nourriture pour le temps de construction d&rsquo;un nouvel habitat, une quinzaine de jours. Le vol de ces milliers d&rsquo;abeilles surcharg\u00e9es est impressionnant.<\/p>\n<p>L&rsquo;apiculteur doit recueillir cette essaim, le mettre en quarantaine le temps que les abeilles construisent ou remplissent quelques rayons et que la reine recommence \u00e0 pondre.<\/p>\n<p>Apr\u00e8s une quarantaine de jour, une inspection sanitaire d\u00e9terminera l&rsquo;\u00e9tat de sant\u00e9, la f\u00e9condit\u00e9, le caract\u00e8re de ces abeilles.<\/p>\n<p>Nous savons d\u00e9j\u00e0 que la reine a plus de 2ans (les reines d&rsquo;un an n&rsquo;essaiment que tr\u00e8s rarement), et que sa g\u00e9n\u00e9tique est essaimeuse ou que la reine est trop vieille&#8230;\u00a0 Donc absolument aucun int\u00e9r\u00eat pour un apiculteur professionnel qui g\u00e8re son cheptel et tr\u00e8s hasardeux pour les autres.<\/p>\n<p><span style=\"color: #0000ff;\">Et il y a l&rsquo;essaimage secondaire&#8230;<\/span><\/p>\n<p>Pour raisons de mauvais temps ou autre, il peut arriver que le d\u00e9part de la ruche de la reine m\u00e8re soit retard\u00e9 et qu&rsquo;elle cohabite avec une jeune reine vierge. Lors de son d\u00e9part de la ruche elle provoquera aussi le d\u00e9part de la jeune reine qui avec beaucoup moins d&rsquo;abeilles et non f\u00e9cond\u00e9e aura peu de chance de survie.<\/p>\n<p>Cet essaim r\u00e9cup\u00e9r\u00e9 \u00e0 temps, pourra, avec beaucoup d&rsquo;attentions de l&rsquo;apiculteur, devenir une ruche de production un an plus tard.<\/p>\n<p>Appelez nous, nous intervenons dans la soir\u00e9e afin de recueillir le maximum d&rsquo;abeilles .<\/p>\n<h4>R\u00e9cup\u00e9rations essaim :\u00a0 06.25.924.154.<\/h4>\n<p>Laisser un message car difficile de r\u00e9pondre sous le voile avec un enfumoir dans la main.<\/p>\n<p>Nous intervenons dans notre communaut\u00e9 de communes des Avant-Monts pour les communes de Autignac, Cabrerolles, Caussiniojouls, Faug\u00e8res, Laurens, Magalas, Murviel-l\u00e8s-B\u00e9ziers, Pailh\u00e8s, Pouzolles, Puimisson, Puissalicon , Saint-Geni\u00e8s-de-Fontedit, Th\u00e9zan-l\u00e8s-B\u00e9ziers.<\/p>\n","protected":false},"excerpt":{"rendered":"<p>La r\u00e9volution dans la ruche !! L&rsquo;essaimage \u00e0 pour origine essentiellement le niveau de ph\u00e9romone de la reine dans la ruche. Deux logiques de d\u00e9clenchement de l&rsquo;essaimage ont \u00e9t\u00e9 mises a jour. La premi\u00e8re est biologique. La dur\u00e9e de vie d&rsquo;une reine est d&rsquo;au maximum 5 ans mais elle va connaitre une baisse de f\u00e9condit\u00e9 [&hellip;]<\/p>\n","protected":false},"author":1,"featured_media":18,"parent":52,"menu_order":0,"comment_status":"closed","ping_status":"closed","template":"","meta":{"footnotes":""},"class_list":["post-16","page","type-page","status-publish","has-post-thumbnail","czr-hentry"],"_links":{"self":[{"href":"https:\/\/rucher-des-avant-monts.com\/index.php?rest_route=\/wp\/v2\/pages\/16","targetHints":{"allow":["GET"]}}],"collection":[{"href":"https:\/\/rucher-des-avant-monts.com\/index.php?rest_route=\/wp\/v2\/pages"}],"about":[{"href":"https:\/\/rucher-des-avant-monts.com\/index.php?rest_route=\/wp\/v2\/types\/page"}],"author":[{"embeddable":true,"href":"https:\/\/rucher-des-avant-monts.com\/index.php?rest_route=\/wp\/v2\/users\/1"}],"replies":[{"embeddable":true,"href":"https:\/\/rucher-des-avant-monts.com\/index.php?rest_route=%2Fwp%2Fv2%2Fcomments&post=16"}],"version-history":[{"count":11,"href":"https:\/\/rucher-des-avant-monts.com\/index.php?rest_route=\/wp\/v2\/pages\/16\/revisions"}],"predecessor-version":[{"id":1322,"href":"https:\/\/rucher-des-avant-monts.com\/index.php?rest_route=\/wp\/v2\/pages\/16\/revisions\/1322"}],"up":[{"embeddable":true,"href":"https:\/\/rucher-des-avant-monts.com\/index.php?rest_route=\/wp\/v2\/pages\/52"}],"wp:featuredmedia":[{"embeddable":true,"href":"https:\/\/rucher-des-avant-monts.com\/index.php?rest_route=\/wp\/v2\/media\/18"}],"wp:attachment":[{"href":"https:\/\/rucher-des-avant-monts.com\/index.php?rest_route=%2Fwp%2Fv2%2Fmedia&parent=16"}],"curies":[{"name":"wp","href":"https:\/\/api.w.org\/{rel}","templated":true}]}}