{"id":248,"date":"2019-01-15T19:09:58","date_gmt":"2019-01-15T18:09:58","guid":{"rendered":"https:\/\/rucher-des-avant-monts.com\/?page_id=248"},"modified":"2021-11-11T10:34:24","modified_gmt":"2021-11-11T09:34:24","slug":"occasion","status":"publish","type":"page","link":"https:\/\/rucher-des-avant-monts.com\/?page_id=248","title":{"rendered":"Mat\u00e9riels d&rsquo;occasion"},"content":{"rendered":"\n<p><strong>Nos ruches \u00e0 la vente<\/strong><\/p>\n\n\n\n<p><\/p>\n\n\n\n<p>Nous revendons nos anciennes ruches afin d&rsquo;uniformiser le mat\u00e9riel de l&rsquo;exploitation. Ces ruches ne sont pas en fin de vie ! Nous avons simplement d\u00e9cid\u00e9 de passer en cadre droit. Beaucoup d&rsquo;avis et de lignes sur la toile quant \u00e0 ce choix car les avantages sont aussi nombreux pour l&rsquo;un comme pour l&rsquo;autre. Finalement nous avons choisi de nous lib\u00e9rer des cadres Hoffman.<\/p>\n\n\n\n<p>Les ruches sont vendus fonds ventil\u00e9 partiel, corps, grille d&rsquo;entr\u00e9e, couvre cadre, toit.<\/p>\n\n\n\n<p>Elles ont \u00e9t\u00e9  nettoy\u00e9es et trait\u00e9es \u00e0 la flamme.<\/p>\n\n\n\n<p>En sus nous pouvons fournir les cadres de corps et cadre de hausse (d\u00e9sinfect\u00e9s dans la soude chaude et pass\u00e9s au jet) certain sont fil\u00e9s d&rsquo;autre non.<\/p>\n\n\n\n<p>Nous ne vendons pas de cire.<\/p>\n\n\n\n<p>Nous proposons <a href=\"https:\/\/rucher-des-avant-monts.com\/?product=essaim-dabeilles\">des essaims<\/a> \u00e0 la vente.<\/p>\n","protected":false},"excerpt":{"rendered":"<p>Nos ruches \u00e0 la vente Nous revendons nos anciennes ruches afin d&rsquo;uniformiser le mat\u00e9riel de l&rsquo;exploitation. Ces ruches ne sont pas en fin de vie ! Nous avons simplement d\u00e9cid\u00e9 de passer en cadre droit. Beaucoup d&rsquo;avis et de lignes sur la toile quant \u00e0 ce choix car les avantages sont aussi nombreux pour l&rsquo;un [&hellip;]<\/p>\n","protected":false},"author":1,"featured_media":247,"parent":28,"menu_order":1,"comment_status":"closed","ping_status":"closed","template":"","meta":{"footnotes":""},"class_list":["post-248","page","type-page","status-publish","has-post-thumbnail","czr-hentry"],"_links":{"self":[{"href":"https:\/\/rucher-des-avant-monts.com\/index.php?rest_route=\/wp\/v2\/pages\/248","targetHints":{"allow":["GET"]}}],"collection":[{"href":"https:\/\/rucher-des-avant-monts.com\/index.php?rest_route=\/wp\/v2\/pages"}],"about":[{"href":"https:\/\/rucher-des-avant-monts.com\/index.php?rest_route=\/wp\/v2\/types\/page"}],"author":[{"embeddable":true,"href":"https:\/\/rucher-des-avant-monts.com\/index.php?rest_route=\/wp\/v2\/users\/1"}],"replies":[{"embeddable":true,"href":"https:\/\/rucher-des-avant-monts.com\/index.php?rest_route=%2Fwp%2Fv2%2Fcomments&post=248"}],"version-history":[{"count":5,"href":"https:\/\/rucher-des-avant-monts.com\/index.php?rest_route=\/wp\/v2\/pages\/248\/revisions"}],"predecessor-version":[{"id":947,"href":"https:\/\/rucher-des-avant-monts.com\/index.php?rest_route=\/wp\/v2\/pages\/248\/revisions\/947"}],"up":[{"embeddable":true,"href":"https:\/\/rucher-des-avant-monts.com\/index.php?rest_route=\/wp\/v2\/pages\/28"}],"wp:featuredmedia":[{"embeddable":true,"href":"https:\/\/rucher-des-avant-monts.com\/index.php?rest_route=\/wp\/v2\/media\/247"}],"wp:attachment":[{"href":"https:\/\/rucher-des-avant-monts.com\/index.php?rest_route=%2Fwp%2Fv2%2Fmedia&parent=248"}],"curies":[{"name":"wp","href":"https:\/\/api.w.org\/{rel}","templated":true}]}}