{"id":25,"date":"2016-11-23T18:15:37","date_gmt":"2016-11-23T17:15:37","guid":{"rendered":"http:\/\/rucher-des-avant-monts.com\/?page_id=25"},"modified":"2021-11-11T18:42:01","modified_gmt":"2021-11-11T17:42:01","slug":"transhumance","status":"publish","type":"page","link":"https:\/\/rucher-des-avant-monts.com\/?page_id=25","title":{"rendered":"Transhumance"},"content":{"rendered":"\n<p class=\"has-medium-font-size\"> Nous v\u00e9hiculons nos 200 ruches de production sur les sites pr\u00e9sentant des miell\u00e9es gustatives int\u00e9ressantes dans un rayons maximum de 50 km. <\/p>\n\n\n\n<p><\/p>\n\n\n\n<div class=\"wp-block-media-text alignwide is-stacked-on-mobile\"><figure class=\"wp-block-media-text__media\"><img loading=\"lazy\" decoding=\"async\" width=\"1024\" height=\"576\" src=\"https:\/\/rucher-des-avant-monts.com\/wp-content\/uploads\/2019\/11\/104-1024x576.jpg\" alt=\"\" class=\"wp-image-469 size-full\" srcset=\"https:\/\/rucher-des-avant-monts.com\/wp-content\/uploads\/2019\/11\/104-1024x576.jpg 1024w, https:\/\/rucher-des-avant-monts.com\/wp-content\/uploads\/2019\/11\/104-300x169.jpg 300w, https:\/\/rucher-des-avant-monts.com\/wp-content\/uploads\/2019\/11\/104-768x432.jpg 768w, https:\/\/rucher-des-avant-monts.com\/wp-content\/uploads\/2019\/11\/104-600x338.jpg 600w, https:\/\/rucher-des-avant-monts.com\/wp-content\/uploads\/2019\/11\/104.jpg 2048w\" sizes=\"auto, (max-width: 1024px) 100vw, 1024px\" \/><\/figure><div class=\"wp-block-media-text__content\">\n<p><\/p>\n\n\n\n<p class=\"has-medium-font-size\">La transhumance est obligatoire comme pour tout \u00e9levage. L&rsquo;\u00e9t\u00e9 en garrigue, les temp\u00e9ratures \u00e9lev\u00e9es et s\u00e9cheresses accroissent la concurrence avec les autres pollinisateurs sauvages.<\/p>\n<\/div><\/div>\n\n\n\n<p><\/p>\n\n\n\n<div class=\"wp-block-media-text alignwide has-media-on-the-right is-stacked-on-mobile\"><figure class=\"wp-block-media-text__media\"><img loading=\"lazy\" decoding=\"async\" width=\"1024\" height=\"576\" src=\"https:\/\/rucher-des-avant-monts.com\/wp-content\/uploads\/2021\/11\/20210724_074931-1024x576.jpg\" alt=\"\" class=\"wp-image-987 size-full\" srcset=\"https:\/\/rucher-des-avant-monts.com\/wp-content\/uploads\/2021\/11\/20210724_074931-1024x576.jpg 1024w, https:\/\/rucher-des-avant-monts.com\/wp-content\/uploads\/2021\/11\/20210724_074931-300x169.jpg 300w, https:\/\/rucher-des-avant-monts.com\/wp-content\/uploads\/2021\/11\/20210724_074931-768x432.jpg 768w, https:\/\/rucher-des-avant-monts.com\/wp-content\/uploads\/2021\/11\/20210724_074931-1536x864.jpg 1536w, https:\/\/rucher-des-avant-monts.com\/wp-content\/uploads\/2021\/11\/20210724_074931-scaled.jpg 2048w, https:\/\/rucher-des-avant-monts.com\/wp-content\/uploads\/2021\/11\/20210724_074931-600x338.jpg 600w\" sizes=\"auto, (max-width: 1024px) 100vw, 1024px\" \/><\/figure><div class=\"wp-block-media-text__content\">\n<p class=\"has-text-align-left has-medium-font-size\"> <\/p>\n\n\n\n<p class=\"has-text-align-left has-medium-font-size\">Nous sommes continuellement \u00e0 la recherche de nouveaux ruchers entre la Salvetat-sur-Agout et Magalas. N&rsquo;h\u00e9sitez pas \u00e0 nous contacter. <\/p>\n\n\n\n<p><\/p>\n<\/div><\/div>\n\n\n\n<p><\/p>\n\n\n\n<p class=\"has-medium-font-size\">Pour l&rsquo;hivernage nous privil\u00e9gions les ruchers sur le romarin aux alentours de Narbonne, le thym pr\u00e9s de B\u00e9ziers.<\/p>\n\n\n\n<p class=\"has-medium-font-size\">Les ruchers de fleurs de garrigues, bruy\u00e8re blanche et arbousier sont proches de la miellerie.<\/p>\n\n\n\n<p><\/p>\n\n\n\n<div class=\"wp-block-media-text alignwide is-stacked-on-mobile\"><figure class=\"wp-block-media-text__media\"><img loading=\"lazy\" decoding=\"async\" width=\"300\" height=\"169\" src=\"https:\/\/rucher-des-avant-monts.com\/wp-content\/uploads\/2019\/08\/077-300x169.jpg\" alt=\"Miel d'amandier\" class=\"wp-image-438 size-full\" srcset=\"https:\/\/rucher-des-avant-monts.com\/wp-content\/uploads\/2019\/08\/077-300x169.jpg 300w, https:\/\/rucher-des-avant-monts.com\/wp-content\/uploads\/2019\/08\/077-768x432.jpg 768w, https:\/\/rucher-des-avant-monts.com\/wp-content\/uploads\/2019\/08\/077-1024x576.jpg 1024w, https:\/\/rucher-des-avant-monts.com\/wp-content\/uploads\/2019\/08\/077-600x338.jpg 600w, https:\/\/rucher-des-avant-monts.com\/wp-content\/uploads\/2019\/08\/077.jpg 2048w\" sizes=\"auto, (max-width: 300px) 100vw, 300px\" \/><\/figure><div class=\"wp-block-media-text__content\">\n<p><\/p>\n\n\n\n<p class=\"has-medium-font-size\">Hormis les ruches lou\u00e9es pour la <a rel=\"noreferrer noopener\" href=\"http:\/\/rucher-des-avant-monts.com\/?page_id=47\" target=\"_blank\">pollinisation<\/a> des amandiers en f\u00e9vrier, la saison apicole commence fin mars.<\/p>\n<\/div><\/div>\n\n\n\n<p><\/p>\n\n\n\n<p class=\"has-medium-font-size\"><span style=\"color: #0000ff;\"><a style=\"color: #0000ff;\" href=\"http:\/\/rucher-des-avant-monts.com\/?page_id=10\">Calendrier de nos productions.<\/a><\/span><\/p>\n","protected":false},"excerpt":{"rendered":"<p>Nous v\u00e9hiculons nos 200 ruches de production sur les sites pr\u00e9sentant des miell\u00e9es gustatives int\u00e9ressantes dans un rayons maximum de 50 km. La transhumance est obligatoire comme pour tout \u00e9levage. L&rsquo;\u00e9t\u00e9 en garrigue, les temp\u00e9ratures \u00e9lev\u00e9es et s\u00e9cheresses accroissent la concurrence avec les autres pollinisateurs sauvages. Nous sommes continuellement \u00e0 la recherche de nouveaux ruchers [&hellip;]<\/p>\n","protected":false},"author":1,"featured_media":627,"parent":2,"menu_order":0,"comment_status":"closed","ping_status":"closed","template":"","meta":{"footnotes":""},"class_list":["post-25","page","type-page","status-publish","has-post-thumbnail","czr-hentry"],"_links":{"self":[{"href":"https:\/\/rucher-des-avant-monts.com\/index.php?rest_route=\/wp\/v2\/pages\/25","targetHints":{"allow":["GET"]}}],"collection":[{"href":"https:\/\/rucher-des-avant-monts.com\/index.php?rest_route=\/wp\/v2\/pages"}],"about":[{"href":"https:\/\/rucher-des-avant-monts.com\/index.php?rest_route=\/wp\/v2\/types\/page"}],"author":[{"embeddable":true,"href":"https:\/\/rucher-des-avant-monts.com\/index.php?rest_route=\/wp\/v2\/users\/1"}],"replies":[{"embeddable":true,"href":"https:\/\/rucher-des-avant-monts.com\/index.php?rest_route=%2Fwp%2Fv2%2Fcomments&post=25"}],"version-history":[{"count":19,"href":"https:\/\/rucher-des-avant-monts.com\/index.php?rest_route=\/wp\/v2\/pages\/25\/revisions"}],"predecessor-version":[{"id":1028,"href":"https:\/\/rucher-des-avant-monts.com\/index.php?rest_route=\/wp\/v2\/pages\/25\/revisions\/1028"}],"up":[{"embeddable":true,"href":"https:\/\/rucher-des-avant-monts.com\/index.php?rest_route=\/wp\/v2\/pages\/2"}],"wp:featuredmedia":[{"embeddable":true,"href":"https:\/\/rucher-des-avant-monts.com\/index.php?rest_route=\/wp\/v2\/media\/627"}],"wp:attachment":[{"href":"https:\/\/rucher-des-avant-monts.com\/index.php?rest_route=%2Fwp%2Fv2%2Fmedia&parent=25"}],"curies":[{"name":"wp","href":"https:\/\/api.w.org\/{rel}","templated":true}]}}