{"id":29,"date":"2016-11-23T18:26:19","date_gmt":"2016-11-23T17:26:19","guid":{"rendered":"http:\/\/rucher-des-avant-monts.com\/?page_id=29"},"modified":"2020-04-22T19:15:46","modified_gmt":"2020-04-22T17:15:46","slug":"panier","status":"publish","type":"page","link":"https:\/\/rucher-des-avant-monts.com\/?page_id=29","title":{"rendered":"Panier"},"content":{"rendered":"<p>La livraison en point relais est gratuite pour toute commande de <strong><em>65 <\/em><\/strong><em><strong>Euros<\/strong><\/em> minimum livr\u00e9e en France continentale.<\/p>\n<p>La livraison \u00e0 domicile est gratuite pour toute commande de <em><strong>85 Euros<\/strong><\/em> minimum livr\u00e9e en France continentale.<\/p>\n<div class=\"woocommerce\"><div class=\"woocommerce-notices-wrapper\"><\/div><div class=\"wc-empty-cart-message\">\n\t<div class=\"cart-empty woocommerce-info\" role=\"status\">\n\t\tVotre panier est actuellement vide.\t<\/div>\n<\/div>\t<p class=\"return-to-shop\">\n\t\t<a class=\"button wc-backward\" href=\"https:\/\/rucher-des-avant-monts.com\/?page_id=28\">\n\t\t\tRetour \u00e0 la boutique\t\t<\/a>\n\t<\/p>\n<\/div>\n\n<div data-align-buttons=\"true\" data-block-name=\"woocommerce\/handpicked-products\" data-content-visibility=\"{&quot;title&quot;:true,&quot;price&quot;:true,&quot;rating&quot;:false,&quot;button&quot;:false}\" data-edit-mode=\"false\" data-products=\"[41,169,281]\" class=\"wc-block-grid wp-block-handpicked-products wp-block-woocommerce-handpicked-products wc-block-handpicked-products has-3-columns has-multiple-rows has-aligned-buttons\"><ul class=\"wc-block-grid__products\"><li class=\"wc-block-grid__product\">\n\t\t\t\t<a href=\"https:\/\/rucher-des-avant-monts.com\/?product=pollen-sec\" class=\"wc-block-grid__product-link\">\n\t\t\t\t\t\n\t\t\t\t\t<div class=\"wc-block-grid__product-image\"><img loading=\"lazy\" decoding=\"async\" width=\"300\" height=\"300\" src=\"https:\/\/rucher-des-avant-monts.com\/wp-content\/uploads\/2019\/08\/pollen-300x300.jpg\" class=\"attachment-woocommerce_thumbnail size-woocommerce_thumbnail\" alt=\"pollen sec\" srcset=\"https:\/\/rucher-des-avant-monts.com\/wp-content\/uploads\/2019\/08\/pollen-300x300.jpg 300w, https:\/\/rucher-des-avant-monts.com\/wp-content\/uploads\/2019\/08\/pollen-150x150.jpg 150w, https:\/\/rucher-des-avant-monts.com\/wp-content\/uploads\/2019\/08\/pollen-768x768.jpg 768w, https:\/\/rucher-des-avant-monts.com\/wp-content\/uploads\/2019\/08\/pollen-1024x1024.jpg 1024w, https:\/\/rucher-des-avant-monts.com\/wp-content\/uploads\/2019\/08\/pollen-600x600.jpg 600w, https:\/\/rucher-des-avant-monts.com\/wp-content\/uploads\/2019\/08\/pollen-100x100.jpg 100w, https:\/\/rucher-des-avant-monts.com\/wp-content\/uploads\/2019\/08\/pollen.jpg 2048w\" sizes=\"auto, (max-width: 300px) 100vw, 300px\" \/><\/div>\n\t\t\t\t\t<div class=\"wc-block-grid__product-title\">Pollen sec multifloral<\/div>\n\t\t\t\t<\/a>\n\t\t\t\t<div class=\"wc-block-grid__product-price price\"><span class=\"woocommerce-Price-amount amount\">12,00&nbsp;<span class=\"woocommerce-Price-currencySymbol\">&euro;<\/span><\/span> <small class=\"woocommerce-price-suffix\">TTC<\/small><\/div>\n\t\t\t\t\n\t\t\t\t\n\t\t\t<\/li><li class=\"wc-block-grid__product\">\n\t\t\t\t<a href=\"https:\/\/rucher-des-avant-monts.com\/?product=caramel-au-miel-et-au-beurre-sale\" class=\"wc-block-grid__product-link\">\n\t\t\t\t\t\n\t\t\t\t\t<div class=\"wc-block-grid__product-image\"><img loading=\"lazy\" decoding=\"async\" width=\"300\" height=\"300\" src=\"https:\/\/rucher-des-avant-monts.com\/wp-content\/uploads\/2019\/08\/caramel-soleil-300x300.jpg\" class=\"attachment-woocommerce_thumbnail size-woocommerce_thumbnail\" alt=\"caramel au miel\" srcset=\"https:\/\/rucher-des-avant-monts.com\/wp-content\/uploads\/2019\/08\/caramel-soleil-300x300.jpg 300w, https:\/\/rucher-des-avant-monts.com\/wp-content\/uploads\/2019\/08\/caramel-soleil-150x150.jpg 150w, https:\/\/rucher-des-avant-monts.com\/wp-content\/uploads\/2019\/08\/caramel-soleil-768x768.jpg 768w, https:\/\/rucher-des-avant-monts.com\/wp-content\/uploads\/2019\/08\/caramel-soleil-1024x1024.jpg 1024w, https:\/\/rucher-des-avant-monts.com\/wp-content\/uploads\/2019\/08\/caramel-soleil-600x600.jpg 600w, https:\/\/rucher-des-avant-monts.com\/wp-content\/uploads\/2019\/08\/caramel-soleil-100x100.jpg 100w, https:\/\/rucher-des-avant-monts.com\/wp-content\/uploads\/2019\/08\/caramel-soleil.jpg 2048w\" sizes=\"auto, (max-width: 300px) 100vw, 300px\" \/><\/div>\n\t\t\t\t\t<div class=\"wc-block-grid__product-title\">Caramel au miel et au beurre sal\u00e9<\/div>\n\t\t\t\t<\/a>\n\t\t\t\t<div class=\"wc-block-grid__product-price price\"><span class=\"woocommerce-Price-amount amount\">8,00&nbsp;<span class=\"woocommerce-Price-currencySymbol\">&euro;<\/span><\/span> <small class=\"woocommerce-price-suffix\">TTC<\/small><\/div>\n\t\t\t\t\n\t\t\t\t\n\t\t\t<\/li><li class=\"wc-block-grid__product\">\n\t\t\t\t<a href=\"https:\/\/rucher-des-avant-monts.com\/?product=bonbon-au-miel\" class=\"wc-block-grid__product-link\">\n\t\t\t\t\t\n\t\t\t\t\t<div class=\"wc-block-grid__product-image\"><img loading=\"lazy\" decoding=\"async\" width=\"300\" height=\"300\" src=\"https:\/\/rucher-des-avant-monts.com\/wp-content\/uploads\/2019\/08\/Bombon-300x300.jpg\" class=\"attachment-woocommerce_thumbnail size-woocommerce_thumbnail\" alt=\"bonbon au miel\" srcset=\"https:\/\/rucher-des-avant-monts.com\/wp-content\/uploads\/2019\/08\/Bombon-300x300.jpg 300w, https:\/\/rucher-des-avant-monts.com\/wp-content\/uploads\/2019\/08\/Bombon-150x150.jpg 150w, https:\/\/rucher-des-avant-monts.com\/wp-content\/uploads\/2019\/08\/Bombon-768x768.jpg 768w, https:\/\/rucher-des-avant-monts.com\/wp-content\/uploads\/2019\/08\/Bombon-1024x1024.jpg 1024w, https:\/\/rucher-des-avant-monts.com\/wp-content\/uploads\/2019\/08\/Bombon-600x600.jpg 600w, https:\/\/rucher-des-avant-monts.com\/wp-content\/uploads\/2019\/08\/Bombon-100x100.jpg 100w, https:\/\/rucher-des-avant-monts.com\/wp-content\/uploads\/2019\/08\/Bombon.jpg 2048w\" sizes=\"auto, (max-width: 300px) 100vw, 300px\" \/><\/div>\n\t\t\t\t\t<div class=\"wc-block-grid__product-title\">Bonbons au Miel<\/div>\n\t\t\t\t<\/a>\n\t\t\t\t<div class=\"wc-block-grid__product-price price\"><span class=\"woocommerce-Price-amount amount\">3,60&nbsp;<span class=\"woocommerce-Price-currencySymbol\">&euro;<\/span><\/span> <small class=\"woocommerce-price-suffix\">TTC<\/small><\/div>\n\t\t\t\t\n\t\t\t\t\n\t\t\t<\/li><\/ul><\/div>\n\n\n<p><\/p>\n","protected":false},"excerpt":{"rendered":"<p>La livraison en point relais est gratuite pour toute commande de 65 Euros minimum livr\u00e9e en France continentale. La livraison \u00e0 domicile est gratuite pour toute commande de 85 Euros minimum livr\u00e9e en France continentale.<\/p>\n","protected":false},"author":1,"featured_media":643,"parent":0,"menu_order":0,"comment_status":"closed","ping_status":"closed","template":"","meta":{"footnotes":""},"class_list":["post-29","page","type-page","status-publish","has-post-thumbnail","czr-hentry"],"_links":{"self":[{"href":"https:\/\/rucher-des-avant-monts.com\/index.php?rest_route=\/wp\/v2\/pages\/29","targetHints":{"allow":["GET"]}}],"collection":[{"href":"https:\/\/rucher-des-avant-monts.com\/index.php?rest_route=\/wp\/v2\/pages"}],"about":[{"href":"https:\/\/rucher-des-avant-monts.com\/index.php?rest_route=\/wp\/v2\/types\/page"}],"author":[{"embeddable":true,"href":"https:\/\/rucher-des-avant-monts.com\/index.php?rest_route=\/wp\/v2\/users\/1"}],"replies":[{"embeddable":true,"href":"https:\/\/rucher-des-avant-monts.com\/index.php?rest_route=%2Fwp%2Fv2%2Fcomments&post=29"}],"version-history":[{"count":11,"href":"https:\/\/rucher-des-avant-monts.com\/index.php?rest_route=\/wp\/v2\/pages\/29\/revisions"}],"predecessor-version":[{"id":706,"href":"https:\/\/rucher-des-avant-monts.com\/index.php?rest_route=\/wp\/v2\/pages\/29\/revisions\/706"}],"wp:featuredmedia":[{"embeddable":true,"href":"https:\/\/rucher-des-avant-monts.com\/index.php?rest_route=\/wp\/v2\/media\/643"}],"wp:attachment":[{"href":"https:\/\/rucher-des-avant-monts.com\/index.php?rest_route=%2Fwp%2Fv2%2Fmedia&parent=29"}],"curies":[{"name":"wp","href":"https:\/\/api.w.org\/{rel}","templated":true}]}}