{"id":47,"date":"2016-11-24T15:29:08","date_gmt":"2016-11-24T14:29:08","guid":{"rendered":"http:\/\/rucher-des-avant-monts.com\/?page_id=47"},"modified":"2021-11-11T11:05:21","modified_gmt":"2021-11-11T10:05:21","slug":"pollinisation","status":"publish","type":"page","link":"https:\/\/rucher-des-avant-monts.com\/?page_id=47","title":{"rendered":"Pollinisation"},"content":{"rendered":"\n<figure class=\"wp-block-pullquote\"><blockquote><p>Plus d&rsquo;abeilles = plus de production = plus de fleurs = plus d&rsquo;abeilles&#8230;<\/p><\/blockquote><\/figure>\n\n\n\n<div class=\"wp-block-image\"><figure class=\"aligncenter size-large\"><img loading=\"lazy\" decoding=\"async\" width=\"1024\" height=\"576\" src=\"https:\/\/rucher-des-avant-monts.com\/wp-content\/uploads\/2016\/11\/DSC_1737-1024x576.jpg\" alt=\"pollinisation\" class=\"wp-image-48\" srcset=\"https:\/\/rucher-des-avant-monts.com\/wp-content\/uploads\/2016\/11\/DSC_1737-1024x576.jpg 1024w, https:\/\/rucher-des-avant-monts.com\/wp-content\/uploads\/2016\/11\/DSC_1737-600x337.jpg 600w, https:\/\/rucher-des-avant-monts.com\/wp-content\/uploads\/2016\/11\/DSC_1737-300x169.jpg 300w, https:\/\/rucher-des-avant-monts.com\/wp-content\/uploads\/2016\/11\/DSC_1737-768x432.jpg 768w, https:\/\/rucher-des-avant-monts.com\/wp-content\/uploads\/2016\/11\/DSC_1737.jpg 2048w\" sizes=\"auto, (max-width: 1024px) 100vw, 1024px\" \/><\/figure><\/div>\n\n\n\n<p class=\"has-medium-font-size\">Nous louons nos ruches, s\u00e9lectionn\u00e9es pour leur douceur et leur population.<\/p>\n\n\n\n<p class=\"has-medium-font-size\">Chaque jardin est un <strong>\u00e9cosyst\u00e8me<\/strong>, nantissez le d&rsquo;une ruche pour de <strong>meilleurs rendements<\/strong>.<\/p>\n\n\n\n<p class=\"has-medium-font-size\">Nous \u00e9tudions toute demande en grande culture et arboriculture suivant disponibilit\u00e9 de nos colonies.<\/p>\n\n\n\n<div class=\"wp-block-image\"><figure class=\"aligncenter size-large\"><img loading=\"lazy\" decoding=\"async\" width=\"1024\" height=\"576\" src=\"https:\/\/rucher-des-avant-monts.com\/wp-content\/uploads\/2016\/11\/20160709_113418-1024x576.jpg\" alt=\"Culture amandier\" class=\"wp-image-130\" srcset=\"https:\/\/rucher-des-avant-monts.com\/wp-content\/uploads\/2016\/11\/20160709_113418-1024x576.jpg 1024w, https:\/\/rucher-des-avant-monts.com\/wp-content\/uploads\/2016\/11\/20160709_113418-600x338.jpg 600w, https:\/\/rucher-des-avant-monts.com\/wp-content\/uploads\/2016\/11\/20160709_113418-300x169.jpg 300w, https:\/\/rucher-des-avant-monts.com\/wp-content\/uploads\/2016\/11\/20160709_113418-768x432.jpg 768w, https:\/\/rucher-des-avant-monts.com\/wp-content\/uploads\/2016\/11\/20160709_113418.jpg 2048w\" sizes=\"auto, (max-width: 1024px) 100vw, 1024px\" \/><\/figure><\/div>\n","protected":false},"excerpt":{"rendered":"<p>Plus d&rsquo;abeilles = plus de production = plus de fleurs = plus d&rsquo;abeilles&#8230; Nous louons nos ruches, s\u00e9lectionn\u00e9es pour leur douceur et leur population. Chaque jardin est un \u00e9cosyst\u00e8me, nantissez le d&rsquo;une ruche pour de meilleurs rendements. Nous \u00e9tudions toute demande en grande culture et arboriculture suivant disponibilit\u00e9 de nos colonies.<\/p>\n","protected":false},"author":1,"featured_media":579,"parent":52,"menu_order":0,"comment_status":"closed","ping_status":"closed","template":"","meta":{"footnotes":""},"class_list":["post-47","page","type-page","status-publish","has-post-thumbnail","czr-hentry"],"_links":{"self":[{"href":"https:\/\/rucher-des-avant-monts.com\/index.php?rest_route=\/wp\/v2\/pages\/47","targetHints":{"allow":["GET"]}}],"collection":[{"href":"https:\/\/rucher-des-avant-monts.com\/index.php?rest_route=\/wp\/v2\/pages"}],"about":[{"href":"https:\/\/rucher-des-avant-monts.com\/index.php?rest_route=\/wp\/v2\/types\/page"}],"author":[{"embeddable":true,"href":"https:\/\/rucher-des-avant-monts.com\/index.php?rest_route=\/wp\/v2\/users\/1"}],"replies":[{"embeddable":true,"href":"https:\/\/rucher-des-avant-monts.com\/index.php?rest_route=%2Fwp%2Fv2%2Fcomments&post=47"}],"version-history":[{"count":8,"href":"https:\/\/rucher-des-avant-monts.com\/index.php?rest_route=\/wp\/v2\/pages\/47\/revisions"}],"predecessor-version":[{"id":961,"href":"https:\/\/rucher-des-avant-monts.com\/index.php?rest_route=\/wp\/v2\/pages\/47\/revisions\/961"}],"up":[{"embeddable":true,"href":"https:\/\/rucher-des-avant-monts.com\/index.php?rest_route=\/wp\/v2\/pages\/52"}],"wp:featuredmedia":[{"embeddable":true,"href":"https:\/\/rucher-des-avant-monts.com\/index.php?rest_route=\/wp\/v2\/media\/579"}],"wp:attachment":[{"href":"https:\/\/rucher-des-avant-monts.com\/index.php?rest_route=%2Fwp%2Fv2%2Fmedia&parent=47"}],"curies":[{"name":"wp","href":"https:\/\/api.w.org\/{rel}","templated":true}]}}