{"id":52,"date":"2016-11-24T15:38:10","date_gmt":"2016-11-24T14:38:10","guid":{"rendered":"http:\/\/rucher-des-avant-monts.com\/?page_id=52"},"modified":"2021-11-11T10:55:54","modified_gmt":"2021-11-11T09:55:54","slug":"nos-services","status":"publish","type":"page","link":"https:\/\/rucher-des-avant-monts.com\/?page_id=52","title":{"rendered":"Nos services"},"content":{"rendered":"\n<h2 class=\"wp-block-heading\"><strong>Vente des produits de la ruche<\/strong><\/h2>\n\n\n\n<div class=\"wp-block-media-text alignwide is-stacked-on-mobile\"><figure class=\"wp-block-media-text__media\"><img loading=\"lazy\" decoding=\"async\" width=\"300\" height=\"264\" src=\"https:\/\/rucher-des-avant-monts.com\/wp-content\/uploads\/2019\/11\/20191005_100403-300x264.jpg\" alt=\"\" class=\"wp-image-580 size-full\" srcset=\"https:\/\/rucher-des-avant-monts.com\/wp-content\/uploads\/2019\/11\/20191005_100403-300x264.jpg 300w, https:\/\/rucher-des-avant-monts.com\/wp-content\/uploads\/2019\/11\/20191005_100403-1024x900.jpg 1024w, https:\/\/rucher-des-avant-monts.com\/wp-content\/uploads\/2019\/11\/20191005_100403-768x675.jpg 768w, https:\/\/rucher-des-avant-monts.com\/wp-content\/uploads\/2019\/11\/20191005_100403-1536x1350.jpg 1536w, https:\/\/rucher-des-avant-monts.com\/wp-content\/uploads\/2019\/11\/20191005_100403-scaled.jpg 2048w, https:\/\/rucher-des-avant-monts.com\/wp-content\/uploads\/2019\/11\/20191005_100403-600x527.jpg 600w\" sizes=\"auto, (max-width: 300px) 100vw, 300px\" \/><\/figure><div class=\"wp-block-media-text__content\">\n<p><\/p>\n\n\n\n<p class=\"has-medium-font-size\">Nous sommes producteurs et nous vendons notre production sur foires, march\u00e9s ou salons. Nous proposons aussi nos miels aux commerces de proximit\u00e9s. <\/p>\n\n\n\n<p><\/p>\n<\/div><\/div>\n\n\n\n<h2 class=\"wp-block-heading\"><strong>Vente d&rsquo;essaims<\/strong><\/h2>\n\n\n\n<p><\/p>\n\n\n\n<p class=\"has-medium-font-size\">Nous fournissons en reines et essaims des apiculteurs de notre entourage.<\/p>\n\n\n\n<div class=\"wp-block-media-text alignwide has-media-on-the-right is-stacked-on-mobile\"><figure class=\"wp-block-media-text__media\"><img loading=\"lazy\" decoding=\"async\" width=\"300\" height=\"169\" src=\"https:\/\/rucher-des-avant-monts.com\/wp-content\/uploads\/2019\/11\/DSC_1731-300x169.jpg\" alt=\"cadre abeilles\" class=\"wp-image-467 size-full\" srcset=\"https:\/\/rucher-des-avant-monts.com\/wp-content\/uploads\/2019\/11\/DSC_1731-300x169.jpg 300w, https:\/\/rucher-des-avant-monts.com\/wp-content\/uploads\/2019\/11\/DSC_1731-768x432.jpg 768w, https:\/\/rucher-des-avant-monts.com\/wp-content\/uploads\/2019\/11\/DSC_1731-1024x576.jpg 1024w, https:\/\/rucher-des-avant-monts.com\/wp-content\/uploads\/2019\/11\/DSC_1731-600x337.jpg 600w, https:\/\/rucher-des-avant-monts.com\/wp-content\/uploads\/2019\/11\/DSC_1731.jpg 2048w\" sizes=\"auto, (max-width: 300px) 100vw, 300px\" \/><\/figure><div class=\"wp-block-media-text__content\">\n<p><\/p>\n\n\n\n<p class=\"has-medium-font-size\">Nous avons d\u00e9velopp\u00e9 notre cheptel avec un atelier de multiplication de reines. Nous achetons des reines f\u00e9cond\u00e9es artificiellement issue d&rsquo;une s\u00e9lection du sud de la France afin de nous fournir des reines adapt\u00e9es \u00e0 notre climat et \u00e0 notre flore.<\/p>\n\n\n\n<p><\/p>\n<\/div><\/div>\n\n\n\n<h2 class=\"wp-block-heading\"><strong>Sauvetage d&rsquo;essaims vagabonds<\/strong><\/h2>\n\n\n\n<div class=\"wp-block-media-text alignwide is-stacked-on-mobile\"><figure class=\"wp-block-media-text__media\"><img loading=\"lazy\" decoding=\"async\" width=\"300\" height=\"225\" src=\"https:\/\/rucher-des-avant-monts.com\/wp-content\/uploads\/2016\/12\/abeille-essaim-300x225.jpg\" alt=\"essaim abeilles branche\" class=\"wp-image-119 size-full\" srcset=\"https:\/\/rucher-des-avant-monts.com\/wp-content\/uploads\/2016\/12\/abeille-essaim-300x225.jpg 300w, https:\/\/rucher-des-avant-monts.com\/wp-content\/uploads\/2016\/12\/abeille-essaim-600x450.jpg 600w, https:\/\/rucher-des-avant-monts.com\/wp-content\/uploads\/2016\/12\/abeille-essaim-768x576.jpg 768w, https:\/\/rucher-des-avant-monts.com\/wp-content\/uploads\/2016\/12\/abeille-essaim-1024x768.jpg 1024w, https:\/\/rucher-des-avant-monts.com\/wp-content\/uploads\/2016\/12\/abeille-essaim.jpg 1920w\" sizes=\"auto, (max-width: 300px) 100vw, 300px\" \/><\/figure><div class=\"wp-block-media-text__content\">\n<p><\/p>\n\n\n\n<p class=\"has-medium-font-size\">Nous intervenons dans la communaut\u00e9 de communes des Avant Monts pour les communes de Autignac, Cabrerolles, Caussiniojouls, Faug\u00e8res, Laurens, Magalas, Murviel-l\u00e8s-B\u00e9ziers, Pailh\u00e8s, Pouzolles, Puimisson, Puissalicon , Saint-Geni\u00e8s-de-Fontedit, Th\u00e9zan-l\u00e8s-B\u00e9ziers.<\/p>\n\n\n\n<p class=\"has-medium-font-size\"><\/p>\n<\/div><\/div>\n\n\n\n<p class=\"has-medium-font-size\"> Hors de ces villages, voici <a rel=\"noreferrer noopener\" href=\"https:\/\/docs.google.com\/spreadsheets\/d\/15emnOwnzmHoxf3nE3cEEKAbnsFIFgcfcRwM4nG1LnWk\/edit?rm=full#gid=0\" target=\"_blank\">la liste des apiculteurs ou particuliers disponibles pour vous aider<\/a>. <\/p>\n\n\n\n<p><\/p>\n\n\n\n<h2 class=\"wp-block-heading\"><strong>Inventorier les nids de frelons asiatiques<\/strong><\/h2>\n\n\n\n<p><\/p>\n\n\n\n<p class=\"has-medium-font-size\">Ne pas h\u00e9siter \u00e0 nous alerter si vous en voyez sur la communaut\u00e9 de commune. Vous pouvez aussi les r\u00e9f\u00e9rencer directement sur <a href=\"http:\/\/frelonasiatique.mnhn.fr\/signaler\/\">le site de l&rsquo;inventaire National du patrimoine naturel.<\/a><\/p>\n\n\n\n<p><\/p>\n\n\n\n<h2 class=\"has-medium-font-size wp-block-heading\"><strong>Location de ruches ou ruchettes pour la pollinisation<\/strong><\/h2>\n\n\n\n<div class=\"wp-block-image\"><figure class=\"aligncenter\"><img loading=\"lazy\" decoding=\"async\" width=\"300\" height=\"169\" src=\"https:\/\/rucher-des-avant-monts.com\/wp-content\/uploads\/2019\/08\/001_New1-300x169.jpg\" alt=\"Amandier fevrier\" class=\"wp-image-437\" srcset=\"https:\/\/rucher-des-avant-monts.com\/wp-content\/uploads\/2019\/08\/001_New1-300x169.jpg 300w, https:\/\/rucher-des-avant-monts.com\/wp-content\/uploads\/2019\/08\/001_New1-768x432.jpg 768w, https:\/\/rucher-des-avant-monts.com\/wp-content\/uploads\/2019\/08\/001_New1-1024x576.jpg 1024w, https:\/\/rucher-des-avant-monts.com\/wp-content\/uploads\/2019\/08\/001_New1-600x338.jpg 600w, https:\/\/rucher-des-avant-monts.com\/wp-content\/uploads\/2019\/08\/001_New1.jpg 2048w\" sizes=\"auto, (max-width: 300px) 100vw, 300px\" \/><\/figure><\/div>\n\n\n\n<p><\/p>\n","protected":false},"excerpt":{"rendered":"<p>Vente des produits de la ruche Nous sommes producteurs et nous vendons notre production sur foires, march\u00e9s ou salons. Nous proposons aussi nos miels aux commerces de proximit\u00e9s. Vente d&rsquo;essaims Nous fournissons en reines et essaims des apiculteurs de notre entourage. Nous avons d\u00e9velopp\u00e9 notre cheptel avec un atelier de multiplication de reines. Nous achetons [&hellip;]<\/p>\n","protected":false},"author":1,"featured_media":121,"parent":0,"menu_order":0,"comment_status":"closed","ping_status":"closed","template":"","meta":{"footnotes":""},"class_list":["post-52","page","type-page","status-publish","has-post-thumbnail","czr-hentry"],"_links":{"self":[{"href":"https:\/\/rucher-des-avant-monts.com\/index.php?rest_route=\/wp\/v2\/pages\/52","targetHints":{"allow":["GET"]}}],"collection":[{"href":"https:\/\/rucher-des-avant-monts.com\/index.php?rest_route=\/wp\/v2\/pages"}],"about":[{"href":"https:\/\/rucher-des-avant-monts.com\/index.php?rest_route=\/wp\/v2\/types\/page"}],"author":[{"embeddable":true,"href":"https:\/\/rucher-des-avant-monts.com\/index.php?rest_route=\/wp\/v2\/users\/1"}],"replies":[{"embeddable":true,"href":"https:\/\/rucher-des-avant-monts.com\/index.php?rest_route=%2Fwp%2Fv2%2Fcomments&post=52"}],"version-history":[{"count":16,"href":"https:\/\/rucher-des-avant-monts.com\/index.php?rest_route=\/wp\/v2\/pages\/52\/revisions"}],"predecessor-version":[{"id":957,"href":"https:\/\/rucher-des-avant-monts.com\/index.php?rest_route=\/wp\/v2\/pages\/52\/revisions\/957"}],"wp:featuredmedia":[{"embeddable":true,"href":"https:\/\/rucher-des-avant-monts.com\/index.php?rest_route=\/wp\/v2\/media\/121"}],"wp:attachment":[{"href":"https:\/\/rucher-des-avant-monts.com\/index.php?rest_route=%2Fwp%2Fv2%2Fmedia&parent=52"}],"curies":[{"name":"wp","href":"https:\/\/api.w.org\/{rel}","templated":true}]}}