{"id":691,"date":"2020-04-22T08:51:57","date_gmt":"2020-04-22T06:51:57","guid":{"rendered":"https:\/\/rucher-des-avant-monts.com\/?page_id=691"},"modified":"2025-02-16T11:47:15","modified_gmt":"2025-02-16T10:47:15","slug":"information-livraison","status":"publish","type":"page","link":"https:\/\/rucher-des-avant-monts.com\/?page_id=691","title":{"rendered":"Information livraison"},"content":{"rendered":"\n<p>Bonjour<\/p>\n\n\n\n<p><\/p>\n\n\n\n<p>Nous pouvons livrer en formule drive et en point relais.<\/p>\n\n\n\n<p>Formule Drive consiste \u00e0 r\u00e9server et payer votre commande sur ce site. Nous vous appellerons pour d\u00e9finir la mise \u00e0 disposition \u00e0 Autignac.<\/p>\n\n\n\n<p>Nous vous accueillons tous les jours de 8h \u00e0 21h, cela sur rdv uniquement au 06. 27 38 19 vingt.<\/p>\n\n\n\n<p> A bient\u00f4t<\/p>\n\n\n\n<p><\/p>\n","protected":false},"excerpt":{"rendered":"<p>Bonjour Nous pouvons livrer en formule drive et en point relais. Formule Drive consiste \u00e0 r\u00e9server et payer votre commande sur ce site. Nous vous appellerons pour d\u00e9finir la mise \u00e0 disposition \u00e0 Autignac. Nous vous accueillons tous les jours de 8h \u00e0 21h, cela sur rdv uniquement au 06. 27 38 19 vingt. A [&hellip;]<\/p>\n","protected":false},"author":1,"featured_media":695,"parent":52,"menu_order":0,"comment_status":"closed","ping_status":"closed","template":"","meta":{"footnotes":""},"class_list":["post-691","page","type-page","status-publish","has-post-thumbnail","czr-hentry"],"_links":{"self":[{"href":"https:\/\/rucher-des-avant-monts.com\/index.php?rest_route=\/wp\/v2\/pages\/691","targetHints":{"allow":["GET"]}}],"collection":[{"href":"https:\/\/rucher-des-avant-monts.com\/index.php?rest_route=\/wp\/v2\/pages"}],"about":[{"href":"https:\/\/rucher-des-avant-monts.com\/index.php?rest_route=\/wp\/v2\/types\/page"}],"author":[{"embeddable":true,"href":"https:\/\/rucher-des-avant-monts.com\/index.php?rest_route=\/wp\/v2\/users\/1"}],"replies":[{"embeddable":true,"href":"https:\/\/rucher-des-avant-monts.com\/index.php?rest_route=%2Fwp%2Fv2%2Fcomments&post=691"}],"version-history":[{"count":9,"href":"https:\/\/rucher-des-avant-monts.com\/index.php?rest_route=\/wp\/v2\/pages\/691\/revisions"}],"predecessor-version":[{"id":1382,"href":"https:\/\/rucher-des-avant-monts.com\/index.php?rest_route=\/wp\/v2\/pages\/691\/revisions\/1382"}],"up":[{"embeddable":true,"href":"https:\/\/rucher-des-avant-monts.com\/index.php?rest_route=\/wp\/v2\/pages\/52"}],"wp:featuredmedia":[{"embeddable":true,"href":"https:\/\/rucher-des-avant-monts.com\/index.php?rest_route=\/wp\/v2\/media\/695"}],"wp:attachment":[{"href":"https:\/\/rucher-des-avant-monts.com\/index.php?rest_route=%2Fwp%2Fv2%2Fmedia&parent=691"}],"curies":[{"name":"wp","href":"https:\/\/api.w.org\/{rel}","templated":true}]}}