{"id":1422,"date":"2025-10-22T11:49:31","date_gmt":"2025-10-22T09:49:31","guid":{"rendered":"https:\/\/rucher-des-avant-monts.com\/?post_type=product&#038;p=1422"},"modified":"2025-10-22T18:18:59","modified_gmt":"2025-10-22T16:18:59","slug":"vinaigre-au-miel-de-bruyere-blanche","status":"publish","type":"product","link":"https:\/\/rucher-des-avant-monts.com\/?product=vinaigre-au-miel-de-bruyere-blanche","title":{"rendered":"Vinaigre au miel de Bruy\u00e8re Blanche"},"content":{"rendered":"<p>Issu d&rsquo;une collaboration avec un grand sp\u00e9cialiste local du vinaigre haut de gamme, nous avons \u00e9largi notre gamme de produit \u00e0 base de miel. Nous vous proposons ce vinaigre tr\u00e8s subtil et raffin\u00e9, \u00e9labor\u00e9 avec notre miel de Bruy\u00e8re blanche, r\u00e9colt\u00e9 autour de notre village.<br \/>\nPour le plaisir de vos papilles et la d\u00e9couverte des parfums de la garrigue.<\/p>\n","protected":false},"excerpt":{"rendered":"<p>Issu d&rsquo;une collaboration avec un grand sp\u00e9cialiste local du vinaigre haut de gamme, nous avons \u00e9largi notre gamme de produit \u00e0 base de miel. Nous vous proposons ce vinaigre tr\u00e8s subtil et raffin\u00e9, \u00e9labor\u00e9 avec notre miel de Bruy\u00e8re blanche, r\u00e9colt\u00e9 autour de notre village. Pour le plaisir de vos papilles et la d\u00e9couverte des [&hellip;]<\/p>\n","protected":false},"featured_media":1425,"comment_status":"open","ping_status":"closed","template":"","meta":[],"product_brand":[],"product_cat":[15],"product_tag":[],"class_list":{"0":"post-1422","1":"product","2":"type-product","3":"status-publish","4":"has-post-thumbnail","6":"product_cat-preparation","8":"first","9":"instock","10":"taxable","11":"shipping-taxable","12":"purchasable","13":"product-type-simple","14":"czr-hentry"},"_links":{"self":[{"href":"https:\/\/rucher-des-avant-monts.com\/index.php?rest_route=\/wp\/v2\/product\/1422","targetHints":{"allow":["GET"]}}],"collection":[{"href":"https:\/\/rucher-des-avant-monts.com\/index.php?rest_route=\/wp\/v2\/product"}],"about":[{"href":"https:\/\/rucher-des-avant-monts.com\/index.php?rest_route=\/wp\/v2\/types\/product"}],"replies":[{"embeddable":true,"href":"https:\/\/rucher-des-avant-monts.com\/index.php?rest_route=%2Fwp%2Fv2%2Fcomments&post=1422"}],"wp:featuredmedia":[{"embeddable":true,"href":"https:\/\/rucher-des-avant-monts.com\/index.php?rest_route=\/wp\/v2\/media\/1425"}],"wp:attachment":[{"href":"https:\/\/rucher-des-avant-monts.com\/index.php?rest_route=%2Fwp%2Fv2%2Fmedia&parent=1422"}],"wp:term":[{"taxonomy":"product_brand","embeddable":true,"href":"https:\/\/rucher-des-avant-monts.com\/index.php?rest_route=%2Fwp%2Fv2%2Fproduct_brand&post=1422"},{"taxonomy":"product_cat","embeddable":true,"href":"https:\/\/rucher-des-avant-monts.com\/index.php?rest_route=%2Fwp%2Fv2%2Fproduct_cat&post=1422"},{"taxonomy":"product_tag","embeddable":true,"href":"https:\/\/rucher-des-avant-monts.com\/index.php?rest_route=%2Fwp%2Fv2%2Fproduct_tag&post=1422"}],"curies":[{"name":"wp","href":"https:\/\/api.w.org\/{rel}","templated":true}]}}