{"id":169,"date":"2016-12-07T21:19:50","date_gmt":"2016-12-07T20:19:50","guid":{"rendered":"http:\/\/rucher-des-avant-monts.com\/?product=caramel-au-miel-et-au-beurre-sale"},"modified":"2026-03-20T13:23:52","modified_gmt":"2026-03-20T12:23:52","slug":"caramel-au-miel-et-au-beurre-sale","status":"publish","type":"product","link":"https:\/\/rucher-des-avant-monts.com\/?product=caramel-au-miel-et-au-beurre-sale","title":{"rendered":"Caramel au miel et au beurre sal\u00e9"},"content":{"rendered":"<p>Caramel \u00e0 base de notre Miel de montagne et de beurre sal\u00e9 du Finist\u00e8re.<\/p>\n<p>Ingr\u00e9dients : Sucre, miel, cr\u00e8me fraiche, beurre demi-sel.<\/p>\n<p>La date limite d&rsquo;utilisation optimale est de 1 ans apr\u00e8s la mise en pot.<\/p>\n<p>Cristallisation possible 3 semaines apr\u00e8s ouverture du pot, sans incidence sur la qualit\u00e9 du produit.<\/p>\n<p>Consommer directement \u00e0 la petite cuill\u00e8re, dans une cr\u00eape chaude, une glace, une tarte noix caramel, mais aussi pour agr\u00e9menter vos viandes (poulet , magret).<\/p>\n<p>&nbsp;<\/p>\n","protected":false},"excerpt":{"rendered":"<p>P\u00e2te \u00e0 tartiner au caramel.<\/p>\n<p>&nbsp;<\/p>\n<p>&nbsp;<\/p>\n","protected":false},"featured_media":412,"comment_status":"open","ping_status":"closed","template":"","meta":[],"product_brand":[],"product_cat":[15],"product_tag":[],"class_list":{"0":"post-169","1":"product","2":"type-product","3":"status-publish","4":"has-post-thumbnail","6":"product_cat-preparation","8":"first","9":"instock","10":"taxable","11":"shipping-taxable","12":"purchasable","13":"product-type-simple","14":"czr-hentry"},"_links":{"self":[{"href":"https:\/\/rucher-des-avant-monts.com\/index.php?rest_route=\/wp\/v2\/product\/169","targetHints":{"allow":["GET"]}}],"collection":[{"href":"https:\/\/rucher-des-avant-monts.com\/index.php?rest_route=\/wp\/v2\/product"}],"about":[{"href":"https:\/\/rucher-des-avant-monts.com\/index.php?rest_route=\/wp\/v2\/types\/product"}],"replies":[{"embeddable":true,"href":"https:\/\/rucher-des-avant-monts.com\/index.php?rest_route=%2Fwp%2Fv2%2Fcomments&post=169"}],"wp:featuredmedia":[{"embeddable":true,"href":"https:\/\/rucher-des-avant-monts.com\/index.php?rest_route=\/wp\/v2\/media\/412"}],"wp:attachment":[{"href":"https:\/\/rucher-des-avant-monts.com\/index.php?rest_route=%2Fwp%2Fv2%2Fmedia&parent=169"}],"wp:term":[{"taxonomy":"product_brand","embeddable":true,"href":"https:\/\/rucher-des-avant-monts.com\/index.php?rest_route=%2Fwp%2Fv2%2Fproduct_brand&post=169"},{"taxonomy":"product_cat","embeddable":true,"href":"https:\/\/rucher-des-avant-monts.com\/index.php?rest_route=%2Fwp%2Fv2%2Fproduct_cat&post=169"},{"taxonomy":"product_tag","embeddable":true,"href":"https:\/\/rucher-des-avant-monts.com\/index.php?rest_route=%2Fwp%2Fv2%2Fproduct_tag&post=169"}],"curies":[{"name":"wp","href":"https:\/\/api.w.org\/{rel}","templated":true}]}}