{"id":235,"date":"2019-01-17T15:07:56","date_gmt":"2019-01-17T14:07:56","guid":{"rendered":"http:\/\/rucher-des-avant-monts.com\/?post_type=product&#038;p=235"},"modified":"2026-02-08T13:01:38","modified_gmt":"2026-02-08T12:01:38","slug":"miel-de-bruyere-blanche","status":"publish","type":"product","link":"https:\/\/rucher-des-avant-monts.com\/?product=miel-de-bruyere-blanche","title":{"rendered":"Miel de Bruy\u00e8re blanche"},"content":{"rendered":"<p>R\u00e9colt\u00e9 sur notre commune, le miel de bruy\u00e8re est une petite r\u00e9colte de d\u00e9but d&rsquo;ann\u00e9e.<\/p>\n<p>Les ruches sortent d&rsquo;hivernage et il nous faut de bonnes conditions climatiques au mois de mars pour vous en faire profiter.<\/p>\n<p>Le miel de bruy\u00e8re blanche de printemps, issu de la Bruy\u00e8re arborescente, est tr\u00e8s typ\u00e9 : il pr\u00e9sente une tonalit\u00e9 rousse, une odeur prononc\u00e9e de r\u00e9glisse et de cuir tann\u00e9 ainsi qu&rsquo;un ar\u00f4me de caramel et de cacao.<\/p>\n<p>&nbsp;<\/p>\n<p>Une belle r\u00e9colte 2025 , enfin !<\/p>\n","protected":false},"excerpt":{"rendered":"<p>R\u00e9colt\u00e9 sur notre commune, le miel de bruy\u00e8re est une petite r\u00e9colte de d\u00e9but d&rsquo;ann\u00e9e. Les ruches sortent d&rsquo;hivernage et il nous faut de bonnes conditions climatiques au mois de mars pour vous en faire profiter. Le miel de bruy\u00e8re blanche de printemps, issu de la Bruy\u00e8re arborescente, est tr\u00e8s typ\u00e9 : il pr\u00e9sente une [&hellip;]<\/p>\n","protected":false},"featured_media":410,"comment_status":"open","ping_status":"closed","template":"","meta":[],"product_brand":[],"product_cat":[12,32],"product_tag":[],"class_list":{"0":"post-235","1":"product","2":"type-product","3":"status-publish","4":"has-post-thumbnail","6":"product_cat-miels","7":"product_cat-miels-corses","9":"first","10":"instock","11":"taxable","12":"shipping-taxable","13":"purchasable","14":"product-type-variable","15":"czr-hentry"},"_links":{"self":[{"href":"https:\/\/rucher-des-avant-monts.com\/index.php?rest_route=\/wp\/v2\/product\/235","targetHints":{"allow":["GET"]}}],"collection":[{"href":"https:\/\/rucher-des-avant-monts.com\/index.php?rest_route=\/wp\/v2\/product"}],"about":[{"href":"https:\/\/rucher-des-avant-monts.com\/index.php?rest_route=\/wp\/v2\/types\/product"}],"replies":[{"embeddable":true,"href":"https:\/\/rucher-des-avant-monts.com\/index.php?rest_route=%2Fwp%2Fv2%2Fcomments&post=235"}],"wp:featuredmedia":[{"embeddable":true,"href":"https:\/\/rucher-des-avant-monts.com\/index.php?rest_route=\/wp\/v2\/media\/410"}],"wp:attachment":[{"href":"https:\/\/rucher-des-avant-monts.com\/index.php?rest_route=%2Fwp%2Fv2%2Fmedia&parent=235"}],"wp:term":[{"taxonomy":"product_brand","embeddable":true,"href":"https:\/\/rucher-des-avant-monts.com\/index.php?rest_route=%2Fwp%2Fv2%2Fproduct_brand&post=235"},{"taxonomy":"product_cat","embeddable":true,"href":"https:\/\/rucher-des-avant-monts.com\/index.php?rest_route=%2Fwp%2Fv2%2Fproduct_cat&post=235"},{"taxonomy":"product_tag","embeddable":true,"href":"https:\/\/rucher-des-avant-monts.com\/index.php?rest_route=%2Fwp%2Fv2%2Fproduct_tag&post=235"}],"curies":[{"name":"wp","href":"https:\/\/api.w.org\/{rel}","templated":true}]}}