{"id":243,"date":"2019-01-19T16:40:29","date_gmt":"2019-01-19T15:40:29","guid":{"rendered":"http:\/\/rucher-des-avant-monts.com\/?post_type=product&#038;p=243"},"modified":"2025-01-13T17:58:40","modified_gmt":"2025-01-13T16:58:40","slug":"teinture-mere-de-propolis","status":"publish","type":"product","link":"https:\/\/rucher-des-avant-monts.com\/?product=teinture-mere-de-propolis","title":{"rendered":"Teinture m\u00e8re de Propolis"},"content":{"rendered":"<p>Mati\u00e8re v\u00e9g\u00e9tale produite par les abeilles pour garantir l\u2019asepsie de leur ruche, la propolis, pure ou liquide, est r\u00e9put\u00e9e depuis l&rsquo;antiquit\u00e9 pour ses effets b\u00e9n\u00e9fiques dans le traitement et la pr\u00e9vention des infections respiratoires.<\/p>\n<p>Excellent <strong>immunostimulant<\/strong>, elle se r\u00e9v\u00e8le un <strong>antibiotique<\/strong> et un <strong>cicatrisant<\/strong> tr\u00e8s actif.<\/p>\n<p>Particuli\u00e8rement efficace contre des microbes de plus en plus puissant, elle est un allier de poids contre toutes les infections et maladies \u00e0 transmission virale telles que le rhume, la grippe, les maux de gorges, la bronchites ou l&rsquo;angine.<\/p>\n<p>Ses pouvoir <strong>anti-inflammatoire et anti-douleurs<\/strong>, soulage les patients souffrant de toux chroniques, de laryngites, de rhinites et d&rsquo;otites. (pulv\u00e9risateur).<\/p>\n<p>Son action <strong>antifongique<\/strong> favorise l&rsquo;\u00e9limination des germes et des champignons.<\/p>\n<p><em>Utilisation \u00e0 titre curatif :<\/em><\/p>\n<p>Sur une cuill\u00e8re \u00e0 caf\u00e9 de miel , 5 \u00e0 6 gouttes que l&rsquo;on laisse fondre dans la bouche.<\/p>\n<p>En gargarisme, 10 \u00e0 12 gouttes dans une tisanes bien chaude, 2 \u00e0 3 fois par jours.<\/p>\n<p><em>Utilisation \u00e0 titre pr\u00e9ventif :<\/em><\/p>\n<p>Cycle en cure de 27 jours. une goutte le premier jour, on augmente d&rsquo;une goutte par jour jusqu&rsquo;au 14\u00b0 jour puis on diminue d&rsquo;une goutte par jour jusqu&rsquo;\u00e0 une goutte le 27\u00b0 jour.<\/p>\n<p>&nbsp;<\/p>\n<p>La propolis brute de notre production est dissoute avec un alcool alimentaire local (provenant de <a href=\"https:\/\/www.atelier-du-bouilleur.fr\/fr\/actualites\/\">l&rsquo;Atelier du Bouilleur<\/a> ) entre 72 et 75 \u00b0.<\/p>\n<p>&nbsp;<\/p>\n<p>&nbsp;<\/p>\n","protected":false},"excerpt":{"rendered":"<p>Mati\u00e8re v\u00e9g\u00e9tale produite par les abeilles pour garantir l\u2019asepsie de leur ruche, la propolis, pure ou liquide, est r\u00e9put\u00e9e depuis l&rsquo;antiquit\u00e9 pour ses effets b\u00e9n\u00e9fiques dans le traitement et la pr\u00e9vention des infections respiratoires. Excellent immunostimulant, elle se r\u00e9v\u00e8le un antibiotique et un cicatrisant tr\u00e8s actif. Particuli\u00e8rement efficace contre des microbes de plus en plus [&hellip;]<\/p>\n","protected":false},"featured_media":612,"comment_status":"open","ping_status":"closed","template":"","meta":[],"product_brand":[],"product_cat":[44],"product_tag":[],"class_list":{"0":"post-243","1":"product","2":"type-product","3":"status-publish","4":"has-post-thumbnail","6":"product_cat-mieux-etre","8":"first","9":"instock","10":"sale","11":"taxable","12":"shipping-taxable","13":"purchasable","14":"product-type-variable","15":"czr-hentry"},"_links":{"self":[{"href":"https:\/\/rucher-des-avant-monts.com\/index.php?rest_route=\/wp\/v2\/product\/243","targetHints":{"allow":["GET"]}}],"collection":[{"href":"https:\/\/rucher-des-avant-monts.com\/index.php?rest_route=\/wp\/v2\/product"}],"about":[{"href":"https:\/\/rucher-des-avant-monts.com\/index.php?rest_route=\/wp\/v2\/types\/product"}],"replies":[{"embeddable":true,"href":"https:\/\/rucher-des-avant-monts.com\/index.php?rest_route=%2Fwp%2Fv2%2Fcomments&post=243"}],"wp:featuredmedia":[{"embeddable":true,"href":"https:\/\/rucher-des-avant-monts.com\/index.php?rest_route=\/wp\/v2\/media\/612"}],"wp:attachment":[{"href":"https:\/\/rucher-des-avant-monts.com\/index.php?rest_route=%2Fwp%2Fv2%2Fmedia&parent=243"}],"wp:term":[{"taxonomy":"product_brand","embeddable":true,"href":"https:\/\/rucher-des-avant-monts.com\/index.php?rest_route=%2Fwp%2Fv2%2Fproduct_brand&post=243"},{"taxonomy":"product_cat","embeddable":true,"href":"https:\/\/rucher-des-avant-monts.com\/index.php?rest_route=%2Fwp%2Fv2%2Fproduct_cat&post=243"},{"taxonomy":"product_tag","embeddable":true,"href":"https:\/\/rucher-des-avant-monts.com\/index.php?rest_route=%2Fwp%2Fv2%2Fproduct_tag&post=243"}],"curies":[{"name":"wp","href":"https:\/\/api.w.org\/{rel}","templated":true}]}}