{"id":246,"date":"2019-01-17T15:05:39","date_gmt":"2019-01-17T14:05:39","guid":{"rendered":"http:\/\/rucher-des-avant-monts.com\/?post_type=product&#038;p=246"},"modified":"2020-04-01T09:47:48","modified_gmt":"2020-04-01T07:47:48","slug":"gelee-royale","status":"publish","type":"product","link":"https:\/\/rucher-des-avant-monts.com\/?product=gelee-royale","title":{"rendered":"Gel\u00e9e Royale"},"content":{"rendered":"<p>La gel\u00e9e royale est la substance la plus \u00e9labor\u00e9e de la ruche. C&rsquo;est un revitalisant puissant que les m\u00e9decins recommande pour am\u00e9liorer notre r\u00e9sistance biologique.<\/p>\n<p>Sa consommation acc\u00e9l\u00e8re la r\u00e9cup\u00e9ration de fatigue physique et nerveuse et aide \u00e0 lutter contre les \u00e9tats d\u00e9pressifs.<\/p>\n<p>Nous la r\u00e9coltons et vendons d&rsquo;avril \u00e0 juin. Petite production donc rarement en stock.<\/p>\n<p>L&rsquo;id\u00e9al est d&rsquo;en consommer quelques milligramme \u00e0 l&rsquo;\u00e9tat frais.<\/p>\n<p>Uniquement sur commande (d\u00e9lai 7 jours). A consommer rapidement apr\u00e8s ouverture.<\/p>\n<p>Se conserve ais\u00e9ment au r\u00e9frig\u00e9rateur, entre 1 et 5 \u00b0c, dans l&#8217;emballage fourni ( boite isolante et \u00e0 l\u2019abri de la lumi\u00e8re) pendant 1 an.<\/p>\n<p>Conditionn\u00e9 en pot de 10g \u00e9quivalent \u00e0 une cure .<\/p>\n<p>&nbsp;<\/p>\n","protected":false},"excerpt":{"rendered":"<p>La gel\u00e9e royale est la substance la plus \u00e9labor\u00e9e de la ruche. C&rsquo;est un revitalisant puissant que les m\u00e9decins recommande pour am\u00e9liorer notre r\u00e9sistance biologique. Sa consommation acc\u00e9l\u00e8re la r\u00e9cup\u00e9ration de fatigue physique et nerveuse et aide \u00e0 lutter contre les \u00e9tats d\u00e9pressifs. Nous la r\u00e9coltons et vendons d&rsquo;avril \u00e0 juin. Petite production donc rarement [&hellip;]<\/p>\n","protected":false},"featured_media":0,"comment_status":"open","ping_status":"closed","template":"","meta":[],"product_brand":[],"product_cat":[44],"product_tag":[],"class_list":{"0":"post-246","1":"product","2":"type-product","3":"status-publish","5":"product_cat-mieux-etre","6":"product_shipping_class-autignac","8":"first","9":"instock","10":"taxable","11":"shipping-taxable","12":"purchasable","13":"product-type-simple","14":"czr-hentry"},"_links":{"self":[{"href":"https:\/\/rucher-des-avant-monts.com\/index.php?rest_route=\/wp\/v2\/product\/246","targetHints":{"allow":["GET"]}}],"collection":[{"href":"https:\/\/rucher-des-avant-monts.com\/index.php?rest_route=\/wp\/v2\/product"}],"about":[{"href":"https:\/\/rucher-des-avant-monts.com\/index.php?rest_route=\/wp\/v2\/types\/product"}],"replies":[{"embeddable":true,"href":"https:\/\/rucher-des-avant-monts.com\/index.php?rest_route=%2Fwp%2Fv2%2Fcomments&post=246"}],"wp:attachment":[{"href":"https:\/\/rucher-des-avant-monts.com\/index.php?rest_route=%2Fwp%2Fv2%2Fmedia&parent=246"}],"wp:term":[{"taxonomy":"product_brand","embeddable":true,"href":"https:\/\/rucher-des-avant-monts.com\/index.php?rest_route=%2Fwp%2Fv2%2Fproduct_brand&post=246"},{"taxonomy":"product_cat","embeddable":true,"href":"https:\/\/rucher-des-avant-monts.com\/index.php?rest_route=%2Fwp%2Fv2%2Fproduct_cat&post=246"},{"taxonomy":"product_tag","embeddable":true,"href":"https:\/\/rucher-des-avant-monts.com\/index.php?rest_route=%2Fwp%2Fv2%2Fproduct_tag&post=246"}],"curies":[{"name":"wp","href":"https:\/\/api.w.org\/{rel}","templated":true}]}}