{"id":39,"date":"2016-11-24T14:42:00","date_gmt":"2016-11-24T13:42:00","guid":{"rendered":"http:\/\/rucher-des-avant-monts.com\/?post_type=product&#038;p=39"},"modified":"2026-04-01T20:18:24","modified_gmt":"2026-04-01T18:18:24","slug":"fleurs-de-montagne","status":"publish","type":"product","link":"https:\/\/rucher-des-avant-monts.com\/?product=fleurs-de-montagne","title":{"rendered":"Fleurs de montagne"},"content":{"rendered":"<p>Produit par nos abeilles \u00e0 la fronti\u00e8re du Nord H\u00e9rault et Sud du Tarn dans un paysage de for\u00eats et p\u00e2tures.<\/p>\n<p>Ce miel plait aux amateurs de miel doux de type acacia. Sa saveur florale douce et fruit\u00e9 diff\u00e8re d&rsquo;une ann\u00e9e \u00e0 l&rsquo;autre.<\/p>\n<p>Flore dominante compos\u00e9e de pissenlits, ronces, serpolets, bruy\u00e8res, tr\u00e8fles, \u00e9pilobes, traces de ch\u00e2taignier.<\/p>\n<p>&nbsp;<\/p>\n","protected":false},"excerpt":{"rendered":"<p>R\u00e9colt\u00e9 sur les plateaux du Haut Languedoc, versant oc\u00e9anique.<\/p>\n<p>Pour les amateurs de miels cristallis\u00e9, quelques pots de ch\u00e2taignier 2016 nous restent.<\/p>\n","protected":false},"featured_media":427,"comment_status":"open","ping_status":"closed","template":"","meta":[],"product_brand":[],"product_cat":[12,14],"product_tag":[],"class_list":{"0":"post-39","1":"product","2":"type-product","3":"status-publish","4":"has-post-thumbnail","6":"product_cat-miels","7":"product_cat-miels-doux","9":"first","10":"instock","11":"taxable","12":"shipping-taxable","13":"purchasable","14":"product-type-variable","15":"has-default-attributes","16":"czr-hentry"},"_links":{"self":[{"href":"https:\/\/rucher-des-avant-monts.com\/index.php?rest_route=\/wp\/v2\/product\/39","targetHints":{"allow":["GET"]}}],"collection":[{"href":"https:\/\/rucher-des-avant-monts.com\/index.php?rest_route=\/wp\/v2\/product"}],"about":[{"href":"https:\/\/rucher-des-avant-monts.com\/index.php?rest_route=\/wp\/v2\/types\/product"}],"replies":[{"embeddable":true,"href":"https:\/\/rucher-des-avant-monts.com\/index.php?rest_route=%2Fwp%2Fv2%2Fcomments&post=39"}],"wp:featuredmedia":[{"embeddable":true,"href":"https:\/\/rucher-des-avant-monts.com\/index.php?rest_route=\/wp\/v2\/media\/427"}],"wp:attachment":[{"href":"https:\/\/rucher-des-avant-monts.com\/index.php?rest_route=%2Fwp%2Fv2%2Fmedia&parent=39"}],"wp:term":[{"taxonomy":"product_brand","embeddable":true,"href":"https:\/\/rucher-des-avant-monts.com\/index.php?rest_route=%2Fwp%2Fv2%2Fproduct_brand&post=39"},{"taxonomy":"product_cat","embeddable":true,"href":"https:\/\/rucher-des-avant-monts.com\/index.php?rest_route=%2Fwp%2Fv2%2Fproduct_cat&post=39"},{"taxonomy":"product_tag","embeddable":true,"href":"https:\/\/rucher-des-avant-monts.com\/index.php?rest_route=%2Fwp%2Fv2%2Fproduct_tag&post=39"}],"curies":[{"name":"wp","href":"https:\/\/api.w.org\/{rel}","templated":true}]}}