{"id":636,"date":"2019-11-18T11:49:21","date_gmt":"2019-11-18T10:49:21","guid":{"rendered":"https:\/\/rucher-des-avant-monts.com\/?post_type=product&#038;p=636"},"modified":"2026-03-17T19:50:36","modified_gmt":"2026-03-17T18:50:36","slug":"reines-fecondees","status":"publish","type":"product","link":"https:\/\/rucher-des-avant-monts.com\/?product=reines-fecondees","title":{"rendered":"Reines f\u00e9cond\u00e9es F1"},"content":{"rendered":"<p>Les reines sont mises \u00e0 disposition en cagette d&rsquo;introduction avec 5 \u00e0 7 accompagnatrices.<\/p>\n<p>Nos souches sont f\u00e9cond\u00e9es artificiellement avec des lign\u00e9es s\u00e9lectionn\u00e9es depuis des ann\u00e9es, id\u00e9ales \u00e0 nos yeux et pour notre m\u00e9tier.<\/p>\n<p>Reine de l&rsquo;ann\u00e9e : mise \u00e0\u00a0 disposition uniquement \u00e0 notre adresse du 1er avril au 30 juin.<\/p>\n<p>&nbsp;<\/p>\n","protected":false},"excerpt":{"rendered":"<p>Les reines sont mises \u00e0 disposition en cagette d&rsquo;introduction avec 5 \u00e0 7 accompagnatrices. Nos souches sont f\u00e9cond\u00e9es artificiellement avec des lign\u00e9es s\u00e9lectionn\u00e9es depuis des ann\u00e9es, id\u00e9ales \u00e0 nos yeux et pour notre m\u00e9tier. Reine de l&rsquo;ann\u00e9e : mise \u00e0\u00a0 disposition uniquement \u00e0 notre adresse du 1er avril au 30 juin. &nbsp;<\/p>\n","protected":false},"featured_media":641,"comment_status":"open","ping_status":"closed","template":"","meta":[],"product_brand":[],"product_cat":[54],"product_tag":[],"class_list":{"0":"post-636","1":"product","2":"type-product","3":"status-publish","4":"has-post-thumbnail","6":"product_cat-le-vivant","7":"product_shipping_class-autignac","9":"first","10":"onbackorder","11":"taxable","12":"shipping-taxable","13":"purchasable","14":"product-type-variable","15":"has-default-attributes","16":"czr-hentry"},"_links":{"self":[{"href":"https:\/\/rucher-des-avant-monts.com\/index.php?rest_route=\/wp\/v2\/product\/636","targetHints":{"allow":["GET"]}}],"collection":[{"href":"https:\/\/rucher-des-avant-monts.com\/index.php?rest_route=\/wp\/v2\/product"}],"about":[{"href":"https:\/\/rucher-des-avant-monts.com\/index.php?rest_route=\/wp\/v2\/types\/product"}],"replies":[{"embeddable":true,"href":"https:\/\/rucher-des-avant-monts.com\/index.php?rest_route=%2Fwp%2Fv2%2Fcomments&post=636"}],"wp:featuredmedia":[{"embeddable":true,"href":"https:\/\/rucher-des-avant-monts.com\/index.php?rest_route=\/wp\/v2\/media\/641"}],"wp:attachment":[{"href":"https:\/\/rucher-des-avant-monts.com\/index.php?rest_route=%2Fwp%2Fv2%2Fmedia&parent=636"}],"wp:term":[{"taxonomy":"product_brand","embeddable":true,"href":"https:\/\/rucher-des-avant-monts.com\/index.php?rest_route=%2Fwp%2Fv2%2Fproduct_brand&post=636"},{"taxonomy":"product_cat","embeddable":true,"href":"https:\/\/rucher-des-avant-monts.com\/index.php?rest_route=%2Fwp%2Fv2%2Fproduct_cat&post=636"},{"taxonomy":"product_tag","embeddable":true,"href":"https:\/\/rucher-des-avant-monts.com\/index.php?rest_route=%2Fwp%2Fv2%2Fproduct_tag&post=636"}],"curies":[{"name":"wp","href":"https:\/\/api.w.org\/{rel}","templated":true}]}}