{"id":747,"date":"2020-12-07T19:28:48","date_gmt":"2020-12-07T18:28:48","guid":{"rendered":"https:\/\/rucher-des-avant-monts.com\/?post_type=product&#038;p=747"},"modified":"2025-10-22T15:54:05","modified_gmt":"2025-10-22T13:54:05","slug":"savon-au-miel-et-a-la-propolis","status":"publish","type":"product","link":"https:\/\/rucher-des-avant-monts.com\/?product=savon-au-miel-et-a-la-propolis","title":{"rendered":"savon au miel de thym et \u00e0 la propolis"},"content":{"rendered":"<p>Fabriqu\u00e9 en Provence ! Ce savon au miel et \u00e0 la propolis vous s\u00e9duira par ses nombreux bienfaits mais \u00e9galement par son odeur de verveine rafra\u00eechissante.<br \/>\nLe miel de thym est un cicatrisant par excellence. Il est antiseptique, tonifiant, antioxydant, c\u2019est un bouquet de bien-\u00eatre.<br \/>\nLa propolis agit comme un v\u00e9ritable bouclier et r\u00e9pare les peaux ab\u00eem\u00e9es. Elle a des propri\u00e9t\u00e9s bact\u00e9ricides, anti-inflammatoires et r\u00e9g\u00e9n\u00e9ratrices.<\/p>\n<p>Conseils d&rsquo;utilisation des savons :<br \/>\nAppliquer sur peau mouill\u00e9e en faisant mousser, puis rincer soigneusement \u00e0 l\u2019eau claire. En cas de contact avec les yeux, rincer abondamment \u00e0 l\u2019eau claire. Savons \u00e0 conserver 12 mois apr\u00e8s ouverture.<\/p>\n","protected":false},"excerpt":{"rendered":"<p>Savon rectangulaire 150 g au miel de thym, propolis et parfum de verveine.<br \/>\nEmballage individuel.<\/p>\n","protected":false},"featured_media":748,"comment_status":"open","ping_status":"closed","template":"","meta":[],"product_brand":[],"product_cat":[44],"product_tag":[],"class_list":{"0":"post-747","1":"product","2":"type-product","3":"status-publish","4":"has-post-thumbnail","6":"product_cat-mieux-etre","8":"first","9":"instock","10":"taxable","11":"shipping-taxable","12":"purchasable","13":"product-type-simple","14":"czr-hentry"},"_links":{"self":[{"href":"https:\/\/rucher-des-avant-monts.com\/index.php?rest_route=\/wp\/v2\/product\/747","targetHints":{"allow":["GET"]}}],"collection":[{"href":"https:\/\/rucher-des-avant-monts.com\/index.php?rest_route=\/wp\/v2\/product"}],"about":[{"href":"https:\/\/rucher-des-avant-monts.com\/index.php?rest_route=\/wp\/v2\/types\/product"}],"replies":[{"embeddable":true,"href":"https:\/\/rucher-des-avant-monts.com\/index.php?rest_route=%2Fwp%2Fv2%2Fcomments&post=747"}],"wp:featuredmedia":[{"embeddable":true,"href":"https:\/\/rucher-des-avant-monts.com\/index.php?rest_route=\/wp\/v2\/media\/748"}],"wp:attachment":[{"href":"https:\/\/rucher-des-avant-monts.com\/index.php?rest_route=%2Fwp%2Fv2%2Fmedia&parent=747"}],"wp:term":[{"taxonomy":"product_brand","embeddable":true,"href":"https:\/\/rucher-des-avant-monts.com\/index.php?rest_route=%2Fwp%2Fv2%2Fproduct_brand&post=747"},{"taxonomy":"product_cat","embeddable":true,"href":"https:\/\/rucher-des-avant-monts.com\/index.php?rest_route=%2Fwp%2Fv2%2Fproduct_cat&post=747"},{"taxonomy":"product_tag","embeddable":true,"href":"https:\/\/rucher-des-avant-monts.com\/index.php?rest_route=%2Fwp%2Fv2%2Fproduct_tag&post=747"}],"curies":[{"name":"wp","href":"https:\/\/api.w.org\/{rel}","templated":true}]}}