{"id":854,"date":"2021-11-08T16:51:15","date_gmt":"2021-11-08T15:51:15","guid":{"rendered":"https:\/\/rucher-des-avant-monts.com\/?post_type=product&#038;p=854"},"modified":"2026-02-08T12:50:40","modified_gmt":"2026-02-08T11:50:40","slug":"miel-de-bruyere-cendree-erica","status":"publish","type":"product","link":"https:\/\/rucher-des-avant-monts.com\/?product=miel-de-bruyere-cendree-erica","title":{"rendered":"Miel de Bruy\u00e8re cendr\u00e9e (Erica)"},"content":{"rendered":"<p>Produit par nos abeilles dans le Parc R\u00e9gional Du Haut Languedoc. Les hauts plateaux offrent un panorama rougeoyant de mi juillet jusqu\u2019\u00e0 fin aout et si la pluviom\u00e9trie est au rendez vous nos abeilles vous r\u00e9galeront.<br \/>\nCristallisation tr\u00e8s fine.<\/p>\n<p>Bonne d\u00e9gustation<\/p>\n","protected":false},"excerpt":{"rendered":"<p>wiki :Le genre Erica vient du latin Erice et du grec erik\u00ea, ou ereik\u00ea, qui signifie \u00ab briser \u00bb avec semble-t-il une double connotation : la fragilit\u00e9 des rameaux mais aussi l&rsquo;allusion \u00e0 son ancien emploi m\u00e9dicinal supposant dissoudre les calculs r\u00e9naux.<\/p>\n","protected":false},"featured_media":1078,"comment_status":"open","ping_status":"closed","template":"","meta":[],"product_brand":[],"product_cat":[12,14],"product_tag":[],"class_list":{"0":"post-854","1":"product","2":"type-product","3":"status-publish","4":"has-post-thumbnail","6":"product_cat-miels","7":"product_cat-miels-doux","9":"first","10":"instock","11":"taxable","12":"shipping-taxable","13":"purchasable","14":"product-type-variable","15":"czr-hentry"},"_links":{"self":[{"href":"https:\/\/rucher-des-avant-monts.com\/index.php?rest_route=\/wp\/v2\/product\/854","targetHints":{"allow":["GET"]}}],"collection":[{"href":"https:\/\/rucher-des-avant-monts.com\/index.php?rest_route=\/wp\/v2\/product"}],"about":[{"href":"https:\/\/rucher-des-avant-monts.com\/index.php?rest_route=\/wp\/v2\/types\/product"}],"replies":[{"embeddable":true,"href":"https:\/\/rucher-des-avant-monts.com\/index.php?rest_route=%2Fwp%2Fv2%2Fcomments&post=854"}],"wp:featuredmedia":[{"embeddable":true,"href":"https:\/\/rucher-des-avant-monts.com\/index.php?rest_route=\/wp\/v2\/media\/1078"}],"wp:attachment":[{"href":"https:\/\/rucher-des-avant-monts.com\/index.php?rest_route=%2Fwp%2Fv2%2Fmedia&parent=854"}],"wp:term":[{"taxonomy":"product_brand","embeddable":true,"href":"https:\/\/rucher-des-avant-monts.com\/index.php?rest_route=%2Fwp%2Fv2%2Fproduct_brand&post=854"},{"taxonomy":"product_cat","embeddable":true,"href":"https:\/\/rucher-des-avant-monts.com\/index.php?rest_route=%2Fwp%2Fv2%2Fproduct_cat&post=854"},{"taxonomy":"product_tag","embeddable":true,"href":"https:\/\/rucher-des-avant-monts.com\/index.php?rest_route=%2Fwp%2Fv2%2Fproduct_tag&post=854"}],"curies":[{"name":"wp","href":"https:\/\/api.w.org\/{rel}","templated":true}]}}