{"id":867,"date":"2021-11-10T10:56:33","date_gmt":"2021-11-10T09:56:33","guid":{"rendered":"https:\/\/rucher-des-avant-monts.com\/?post_type=product&#038;p=867"},"modified":"2025-10-26T11:18:11","modified_gmt":"2025-10-26T10:18:11","slug":"yuzu","status":"publish","type":"product","link":"https:\/\/rucher-des-avant-monts.com\/?product=yuzu","title":{"rendered":"YUZU"},"content":{"rendered":"<p>Le yuzu est un produit rare, extr\u00eamement riche en de nombreux min\u00e9raux et nutriments. D\u2019ailleurs, au Japon, il est consid\u00e9r\u00e9 comme un aliment m\u00e9dicinal et il est utilis\u00e9 aussi bien en cuisine qu\u2019en cosm\u00e9tique. Ce fruit asiatique dispose en effet de plusieurs propri\u00e9t\u00e9s nutritionnelles et th\u00e9rapeutiques. Les limono\u00efdes ainsi que les flavono\u00efdes qu\u2019ils contiennent ont un effet antioxydant sur le corps humain.<br \/>\nNotre production, en pleine terre, fait l&rsquo;objet de tous les soins d\u00e9finis par l&rsquo;agriculture biologique, et n\u00e9cessaires \u00e0 l&rsquo;int\u00e9grit\u00e9 de ces bienfaits et de ses ar\u00f4mes particuli\u00e8rement d\u00e9velopp\u00e9s par les \u00e9carts de temp\u00e9ratures de notre climat.<\/p>\n","protected":false},"excerpt":{"rendered":"<p>Nous sommes apiculteur, de fait, notre production arboricole respecte le cahier des charges de l&rsquo;agriculture respectueuse de l&rsquo;abeille et de ses cong\u00e9n\u00e8res. Un insecticide biologique est un insecticide ! .-<\/p>\n","protected":false},"featured_media":868,"comment_status":"open","ping_status":"closed","template":"","meta":[],"product_brand":[],"product_cat":[58],"product_tag":[],"class_list":{"0":"post-867","1":"product","2":"type-product","3":"status-publish","4":"has-post-thumbnail","6":"product_cat-les-agrumes","8":"first","9":"onbackorder","10":"taxable","11":"shipping-taxable","12":"product-type-variable","13":"czr-hentry"},"_links":{"self":[{"href":"https:\/\/rucher-des-avant-monts.com\/index.php?rest_route=\/wp\/v2\/product\/867","targetHints":{"allow":["GET"]}}],"collection":[{"href":"https:\/\/rucher-des-avant-monts.com\/index.php?rest_route=\/wp\/v2\/product"}],"about":[{"href":"https:\/\/rucher-des-avant-monts.com\/index.php?rest_route=\/wp\/v2\/types\/product"}],"replies":[{"embeddable":true,"href":"https:\/\/rucher-des-avant-monts.com\/index.php?rest_route=%2Fwp%2Fv2%2Fcomments&post=867"}],"wp:featuredmedia":[{"embeddable":true,"href":"https:\/\/rucher-des-avant-monts.com\/index.php?rest_route=\/wp\/v2\/media\/868"}],"wp:attachment":[{"href":"https:\/\/rucher-des-avant-monts.com\/index.php?rest_route=%2Fwp%2Fv2%2Fmedia&parent=867"}],"wp:term":[{"taxonomy":"product_brand","embeddable":true,"href":"https:\/\/rucher-des-avant-monts.com\/index.php?rest_route=%2Fwp%2Fv2%2Fproduct_brand&post=867"},{"taxonomy":"product_cat","embeddable":true,"href":"https:\/\/rucher-des-avant-monts.com\/index.php?rest_route=%2Fwp%2Fv2%2Fproduct_cat&post=867"},{"taxonomy":"product_tag","embeddable":true,"href":"https:\/\/rucher-des-avant-monts.com\/index.php?rest_route=%2Fwp%2Fv2%2Fproduct_tag&post=867"}],"curies":[{"name":"wp","href":"https:\/\/api.w.org\/{rel}","templated":true}]}}